{"id":511,"date":"2025-11-23T20:50:42","date_gmt":"2025-11-23T19:50:42","guid":{"rendered":"https:\/\/superb-iguana-1.10web.cloud\/konserwacja-i-wsparcie\/"},"modified":"2025-11-23T20:50:42","modified_gmt":"2025-11-23T19:50:42","slug":"konserwacja-i-wsparcie","status":"publish","type":"page","link":"https:\/\/new.brainhouse.pl\/?page_id=511","title":{"rendered":"Konserwacja i wsparcie"},"content":{"rendered":"\t\t<div data-elementor-type=\"wp-page\" data-elementor-id=\"511\" class=\"elementor elementor-511\">\n\t\t\t\t<div class=\"elementor-element elementor-element-rqrlgs0n twbb_section twbb_full_h e-con-boxed e-flex e-con e-parent\" data-id=\"rqrlgs0n\" data-element_type=\"container\" id=\"hero-section-of-the-page-for-service-maintenance-and-support\" data-settings=\"{&quot;background_background&quot;:&quot;classic&quot;}\">\n\t\t\t\t\t<div class=\"e-con-inner\">\n\t\t\t\t<div class=\"elementor-element elementor-element-qewyqgub elementor-widget__width-initial elementor-widget-mobile__width-inherit elementor-widget-tablet__width-initial elementor-invisible elementor-widget elementor-widget-text-editor\" data-id=\"qewyqgub\" data-element_type=\"widget\" data-settings=\"{&quot;_animation&quot;:&quot;fadeInUp&quot;}\" data-widget_type=\"text-editor.default\">\n\t\t\t\t\t\t\t\t\tZapewnij bezproblemowe dzia\u0142anie swojego inteligentnego domu Brain House dzi\u0119ki naszym dedykowanym us\u0142ugom konserwacji i wsparcia. Zapewniamy regularne aktualizacje, rozwi\u0105zywanie problem\u00f3w i aktualizacje systemu, aby Tw\u00f3j dom by\u0142 inteligentny i bezpieczny.\t\t\t\t\t\t\t\t<\/div>\n\t\t<div class=\"elementor-element elementor-element-eyk6p18a e-con-full e-flex e-con e-parent\" data-id=\"eyk6p18a\" data-element_type=\"container\">\n\t\t\t\t<div class=\"elementor-element elementor-element-sben762f elementor-align-right elementor-mobile-align-center elementor-widget elementor-widget-button\" data-id=\"sben762f\" data-element_type=\"widget\" data-widget_type=\"button.default\">\n\t\t\t\t\t\t\t\t\t\t<a class=\"elementor-button elementor-button-link elementor-size-sm\" href=\"#Details%20section%20of%20the%20page%20for%20service%20Maintenance%20and%20Support\">\n\t\t\t\t\t\t<span class=\"elementor-button-content-wrapper\">\n\t\t\t\t\t\t\t\t\t<span class=\"elementor-button-text\">Dowiedz si\u0119 wi\u0119cej<\/span>\n\t\t\t\t\t<\/span>\n\t\t\t\t\t<\/a>\n\t\t\t\t\t\t\t\t<\/div>\n\t\t\t\t<div class=\"elementor-element elementor-element-vs8q7sd7 elementor-align-left elementor-mobile-align-center elementor-widget elementor-widget-button\" data-id=\"vs8q7sd7\" data-element_type=\"widget\" data-widget_type=\"button.default\">\n\t\t\t\t\t\t\t\t\t\t<a class=\"elementor-button elementor-button-link elementor-size-sm\" href=\"https:\/\/superb-iguana-1.10web.cloud\/kontakt-3\/\/\">\n\t\t\t\t\t\t<span class=\"elementor-button-content-wrapper\">\n\t\t\t\t\t\t\t\t\t<span class=\"elementor-button-text\">Kontakt<\/span>\n\t\t\t\t\t<\/span>\n\t\t\t\t\t<\/a>\n\t\t\t\t\t\t\t\t<\/div>\n\t\t\t\t<\/div>\n\t\t\t\t\t<\/div>\n\t\t\t\t<\/div>\n\t\t<div class=\"elementor-element elementor-element-bmpe7r7k twbb_section e-con-boxed e-flex e-con e-parent\" data-id=\"bmpe7r7k\" data-element_type=\"container\" id=\"details-section-of-the-page-for-service-maintenance-and-support\">\n\t\t\t\t\t<div class=\"e-con-inner\">\n\t\t<div class=\"elementor-element elementor-element-szh7kq10 e-con-full e-flex e-con e-parent\" data-id=\"szh7kq10\" data-element_type=\"container\">\n\t\t\t\t<div class=\"elementor-element elementor-element-ykxq874f elementor-widget__width-initial elementor-widget-mobile__width-inherit elementor-widget-tablet__width-initial elementor-invisible elementor-widget elementor-widget-heading\" data-id=\"ykxq874f\" data-element_type=\"widget\" data-settings=\"{&quot;_animation&quot;:&quot;fadeInUp&quot;}\" data-widget_type=\"heading.default\">\n\t\t\t\t\t<h2 class=\"elementor-heading-title elementor-size-default\">Dlaczego warto wybra\u0107 nasze us\u0142ugi konserwacji i wsparcia?<\/h2>\t\t\t\t<\/div>\n\t\t\t\t<div class=\"elementor-element elementor-element-i45yu1n0 elementor-widget__width-initial elementor-widget-mobile__width-inherit elementor-widget-tablet__width-initial elementor-invisible elementor-widget elementor-widget-text-editor\" data-id=\"i45yu1n0\" data-element_type=\"widget\" data-settings=\"{&quot;_animation&quot;:&quot;fadeInUp&quot;}\" data-widget_type=\"text-editor.default\">\n\t\t\t\t\t\t\t\t\tW Brain House zapewniamy kompleksowe us\u0142ugi konserwacji i wsparcia, aby zapewni\u0107 bezproblemowe dzia\u0142anie system\u00f3w inteligentnego domu. Nasz zesp\u00f3\u0142 oferuje regularne aktualizacje, szybkie rozwi\u0105zywanie problem\u00f3w i aktualizacje systemu, przed\u0142u\u017caj\u0105c \u017cywotno\u015b\u0107 Twojej inwestycji i utrzymuj\u0105c wysoki komfort u\u017cytkowania. Zaufaj nam, a my zadbamy o p\u0142ynne dzia\u0142anie Twojego inteligentnego domu dzi\u0119ki dedykowanej pomocy dostosowanej do Twoich potrzeb.\t\t\t\t\t\t\t\t<\/div>\n\t\t<div class=\"elementor-element elementor-element-0l8x4y00 e-con-full e-flex e-con e-parent\" data-id=\"0l8x4y00\" data-element_type=\"container\">\n\t\t<div class=\"elementor-element elementor-element-m6wamh3j e-con-full e-flex e-con e-parent\" data-id=\"m6wamh3j\" data-element_type=\"container\">\n\t\t\t\t<div class=\"elementor-element elementor-element-431fcpg8 elementor-widget__width-auto elementor-widget-mobile__width-auto elementor-widget-tablet__width-initial elementor-widget elementor-widget-counter\" data-id=\"431fcpg8\" data-element_type=\"widget\" data-widget_type=\"counter.default\">\n\t\t\t\t\t\t\t<div class=\"elementor-counter\">\n\t\t\t<div class=\"elementor-counter-title\">\u015brednie miesi\u0119czne oszcz\u0119dno\u015bci<\/div>\t\t\t<div class=\"elementor-counter-number-wrapper\">\n\t\t\t\t<span class=\"elementor-counter-number-prefix\"><\/span>\n\t\t\t\t<span class=\"elementor-counter-number\" data-duration=\"2000\" data-to-value=\"150\" data-from-value=\"0\">0<\/span>\n\t\t\t\t<span class=\"elementor-counter-number-suffix\"> \u20ac<\/span>\n\t\t\t<\/div>\n\t\t<\/div>\n\t\t\t\t\t\t<\/div>\n\t\t\t\t<\/div>\n\t\t<div class=\"elementor-element elementor-element-82ntwr2f e-con-full e-flex e-con e-parent\" data-id=\"82ntwr2f\" data-element_type=\"container\">\n\t\t\t\t<div class=\"elementor-element elementor-element-k2a1r9i8 elementor-widget__width-auto elementor-widget-mobile__width-auto elementor-widget-tablet__width-initial elementor-widget elementor-widget-counter\" data-id=\"k2a1r9i8\" data-element_type=\"widget\" data-widget_type=\"counter.default\">\n\t\t\t\t\t\t\t<div class=\"elementor-counter\">\n\t\t\t<div class=\"elementor-counter-title\">rocznie w efektywno\u015bci systemu<\/div>\t\t\t<div class=\"elementor-counter-number-wrapper\">\n\t\t\t\t<span class=\"elementor-counter-number-prefix\"><\/span>\n\t\t\t\t<span class=\"elementor-counter-number\" data-duration=\"2000\" data-to-value=\"300\" data-from-value=\"0\">0<\/span>\n\t\t\t\t<span class=\"elementor-counter-number-suffix\"> \u20ac<\/span>\n\t\t\t<\/div>\n\t\t<\/div>\n\t\t\t\t\t\t<\/div>\n\t\t\t\t<\/div>\n\t\t\t\t<\/div>\n\t\t<div class=\"elementor-element elementor-element-uhgvn1p3 e-con-full e-flex e-con e-parent\" data-id=\"uhgvn1p3\" data-element_type=\"container\">\n\t\t<div class=\"elementor-element elementor-element-o71jbl8x e-con-full e-flex e-con e-parent\" data-id=\"o71jbl8x\" data-element_type=\"container\">\n\t\t\t\t<div class=\"elementor-element elementor-element-zs8gswiv elementor-widget__width-auto elementor-widget-mobile__width-auto elementor-widget-tablet__width-initial elementor-widget elementor-widget-counter\" data-id=\"zs8gswiv\" data-element_type=\"widget\" data-widget_type=\"counter.default\">\n\t\t\t\t\t\t\t<div class=\"elementor-counter\">\n\t\t\t<div class=\"elementor-counter-title\">redukcja przestoj\u00f3w<\/div>\t\t\t<div class=\"elementor-counter-number-wrapper\">\n\t\t\t\t<span class=\"elementor-counter-number-prefix\"><\/span>\n\t\t\t\t<span class=\"elementor-counter-number\" data-duration=\"2000\" data-to-value=\"50\" data-from-value=\"0\">0<\/span>\n\t\t\t\t<span class=\"elementor-counter-number-suffix\"> %<\/span>\n\t\t\t<\/div>\n\t\t<\/div>\n\t\t\t\t\t\t<\/div>\n\t\t\t\t<\/div>\n\t\t<div class=\"elementor-element elementor-element-wyw84puw e-con-full e-flex e-con e-parent\" data-id=\"wyw84puw\" data-element_type=\"container\">\n\t\t\t\t<div class=\"elementor-element elementor-element-2hzno9y2 elementor-widget__width-auto elementor-widget-mobile__width-auto elementor-widget-tablet__width-initial elementor-widget elementor-widget-counter\" data-id=\"2hzno9y2\" data-element_type=\"widget\" data-widget_type=\"counter.default\">\n\t\t\t\t\t\t\t<div class=\"elementor-counter\">\n\t\t\t<div class=\"elementor-counter-title\">poprawa niezawodno\u015bci systemu<\/div>\t\t\t<div class=\"elementor-counter-number-wrapper\">\n\t\t\t\t<span class=\"elementor-counter-number-prefix\"><\/span>\n\t\t\t\t<span class=\"elementor-counter-number\" data-duration=\"2000\" data-to-value=\"100\" data-from-value=\"0\">0<\/span>\n\t\t\t\t<span class=\"elementor-counter-number-suffix\"> %<\/span>\n\t\t\t<\/div>\n\t\t<\/div>\n\t\t\t\t\t\t<\/div>\n\t\t\t\t<\/div>\n\t\t\t\t<\/div>\n\t\t\t\t<\/div>\n\t\t\t\t<div class=\"elementor-element elementor-element-oolt3h54 elementor-widget__width-initial elementor-widget-mobile__width-inherit elementor-widget-tablet__width-initial elementor-widget elementor-widget-image\" data-id=\"oolt3h54\" data-element_type=\"widget\" data-widget_type=\"image.default\">\n\t\t\t\t\t\t\t\t\t\t\t\t\t\t\t<img decoding=\"async\" src=\"https:\/\/superb-iguana-1.10web.cloud\/wp-content\/uploads\/2025\/11\/tenweb_media_sppcas78s.webp\" title=\"\" alt=\"A technician performing system diagnostics on a smart home control panel.\" loading=\"lazy\" \/>\t\t\t\t\t\t\t\t\t\t\t\t\t\t\t<\/div>\n\t\t\t\t\t<\/div>\n\t\t\t\t<\/div>\n\t\t\t\t<\/div>\n\t\t","protected":false},"excerpt":{"rendered":"","protected":false},"author":1,"featured_media":0,"parent":0,"menu_order":0,"comment_status":"closed","ping_status":"publish","template":"","meta":{"two_page_speed":[],"footnotes":""},"class_list":["post-511","page","type-page","status-publish","hentry"],"_links":{"self":[{"href":"https:\/\/new.brainhouse.pl\/index.php?rest_route=\/wp\/v2\/pages\/511","targetHints":{"allow":["GET"]}}],"collection":[{"href":"https:\/\/new.brainhouse.pl\/index.php?rest_route=\/wp\/v2\/pages"}],"about":[{"href":"https:\/\/new.brainhouse.pl\/index.php?rest_route=\/wp\/v2\/types\/page"}],"author":[{"embeddable":true,"href":"https:\/\/new.brainhouse.pl\/index.php?rest_route=\/wp\/v2\/users\/1"}],"replies":[{"embeddable":true,"href":"https:\/\/new.brainhouse.pl\/index.php?rest_route=%2Fwp%2Fv2%2Fcomments&post=511"}],"version-history":[{"count":0,"href":"https:\/\/new.brainhouse.pl\/index.php?rest_route=\/wp\/v2\/pages\/511\/revisions"}],"wp:attachment":[{"href":"https:\/\/new.brainhouse.pl\/index.php?rest_route=%2Fwp%2Fv2%2Fmedia&parent=511"}],"curies":[{"name":"wp","href":"https:\/\/api.w.org\/{rel}","templated":true}]}}