{"id":508,"date":"2025-11-23T20:50:42","date_gmt":"2025-11-23T19:50:42","guid":{"rendered":"https:\/\/superb-iguana-1.10web.cloud\/instalacja-i-programowanie\/"},"modified":"2025-11-23T20:50:42","modified_gmt":"2025-11-23T19:50:42","slug":"instalacja-i-programowanie","status":"publish","type":"page","link":"https:\/\/new.brainhouse.pl\/?page_id=508","title":{"rendered":"Instalacja i programowanie"},"content":{"rendered":"\t\t<div data-elementor-type=\"wp-page\" data-elementor-id=\"508\" class=\"elementor elementor-508\">\n\t\t\t\t<div class=\"elementor-element elementor-element-9wms1rz8 twbb_section twbb_full_h e-con-boxed e-flex e-con e-parent\" data-id=\"9wms1rz8\" data-element_type=\"container\" id=\"hero-section-of-the-page-for-service-installation-and-programming\" data-settings=\"{&quot;background_background&quot;:&quot;classic&quot;}\">\n\t\t\t\t\t<div class=\"e-con-inner\">\n\t\t\t\t<div class=\"elementor-element elementor-element-s29693ys elementor-widget__width-initial elementor-widget-mobile__width-inherit elementor-widget-tablet__width-initial elementor-invisible elementor-widget elementor-widget-text-editor\" data-id=\"s29693ys\" data-element_type=\"widget\" data-settings=\"{&quot;_animation&quot;:&quot;fadeInUp&quot;}\" data-widget_type=\"text-editor.default\">\n\t\t\t\t\t\t\t\t\tBrain House oferuje profesjonaln\u0105 instalacj\u0119 i us\u0142ugi programistyczne, zapewniaj\u0105c bezproblemowe dzia\u0142anie Twojego inteligentnego domu. Nasi certyfikowani technicy zajmuj\u0105 si\u0119 wszystkim, od wst\u0119pnej konfiguracji po niestandardowe programowanie, zapewniaj\u0105c p\u0142ynne i przyjazne dla u\u017cytkownika do\u015bwiadczenie. Zapewniamy minimalne zak\u0142\u00f3cenia i maksymaln\u0105 wydajno\u015b\u0107.\t\t\t\t\t\t\t\t<\/div>\n\t\t<div class=\"elementor-element elementor-element-ailp1424 e-con-full e-flex e-con e-parent\" data-id=\"ailp1424\" data-element_type=\"container\">\n\t\t\t\t<div class=\"elementor-element elementor-element-yujk3ek2 elementor-align-right elementor-mobile-align-center elementor-widget elementor-widget-button\" data-id=\"yujk3ek2\" data-element_type=\"widget\" data-widget_type=\"button.default\">\n\t\t\t\t\t\t\t\t\t\t<a class=\"elementor-button elementor-button-link elementor-size-sm\" href=\"#details-section-of-the-page-for-service-installation-and-programming\">\n\t\t\t\t\t\t<span class=\"elementor-button-content-wrapper\">\n\t\t\t\t\t\t\t\t\t<span class=\"elementor-button-text\">Dowiedz si\u0119 wi\u0119cej<\/span>\n\t\t\t\t\t<\/span>\n\t\t\t\t\t<\/a>\n\t\t\t\t\t\t\t\t<\/div>\n\t\t\t\t<div class=\"elementor-element elementor-element-1ilr4dkb elementor-align-left elementor-mobile-align-center elementor-widget elementor-widget-button\" data-id=\"1ilr4dkb\" data-element_type=\"widget\" data-widget_type=\"button.default\">\n\t\t\t\t\t\t\t\t\t\t<a class=\"elementor-button elementor-button-link elementor-size-sm\" href=\"https:\/\/superb-iguana-1.10web.cloud\/projekty-2\/\/\">\n\t\t\t\t\t\t<span class=\"elementor-button-content-wrapper\">\n\t\t\t\t\t\t\t\t\t<span class=\"elementor-button-text\">Nasze projekty<\/span>\n\t\t\t\t\t<\/span>\n\t\t\t\t\t<\/a>\n\t\t\t\t\t\t\t\t<\/div>\n\t\t\t\t<\/div>\n\t\t\t\t\t<\/div>\n\t\t\t\t<\/div>\n\t\t<div class=\"elementor-element elementor-element-by2aztev twbb_section e-con-boxed e-flex e-con e-parent\" data-id=\"by2aztev\" data-element_type=\"container\" id=\"details-section-of-the-page-for-service-installation-and-programming\">\n\t\t\t\t\t<div class=\"e-con-inner\">\n\t\t<div class=\"elementor-element elementor-element-x0qu88dm e-con-full e-flex e-con e-parent\" data-id=\"x0qu88dm\" data-element_type=\"container\">\n\t\t\t\t<div class=\"elementor-element elementor-element-86nok0dp elementor-widget__width-initial elementor-widget-mobile__width-inherit elementor-widget-tablet__width-initial elementor-invisible elementor-widget elementor-widget-heading\" data-id=\"86nok0dp\" data-element_type=\"widget\" data-settings=\"{&quot;_animation&quot;:&quot;fadeInUp&quot;}\" data-widget_type=\"heading.default\">\n\t\t\t\t\t<h2 class=\"elementor-heading-title elementor-size-default\">Dlaczego warto wybra\u0107 nasz\u0105 instalacj\u0119 i programowanie?<\/h2>\t\t\t\t<\/div>\n\t\t\t\t<div class=\"elementor-element elementor-element-x6x33kjx elementor-widget__width-initial elementor-widget-mobile__width-inherit elementor-widget-tablet__width-initial elementor-invisible elementor-widget elementor-widget-text-editor\" data-id=\"x6x33kjx\" data-element_type=\"widget\" data-settings=\"{&quot;_animation&quot;:&quot;fadeInUp&quot;}\" data-widget_type=\"text-editor.default\">\n\t\t\t\t\t\t\t\t\tW Brain House zapewniamy profesjonaln\u0105 instalacj\u0119 i precyzyjne programowanie system\u00f3w inteligentnego domu, zapewniaj\u0105c bezproblemowe dzia\u0142anie i intuicyjne interfejsy zar\u00f3wno dla w\u0142a\u015bcicieli dom\u00f3w, jak i firm. Nasz zesp\u00f3\u0142 gwarantuje minimalne zak\u0142\u00f3cenia podczas konfiguracji, dostarczaj\u0105c niezawodne, wysokowydajne rozwi\u0105zania dostosowane do Twoich potrzeb.\t\t\t\t\t\t\t\t<\/div>\n\t\t<div class=\"elementor-element elementor-element-ms9op7mh e-con-full e-flex e-con e-parent\" data-id=\"ms9op7mh\" data-element_type=\"container\">\n\t\t<div class=\"elementor-element elementor-element-ubw1qg6z e-con-full e-flex e-con e-parent\" data-id=\"ubw1qg6z\" data-element_type=\"container\">\n\t\t\t\t<div class=\"elementor-element elementor-element-dh0zzaqm elementor-widget__width-auto elementor-widget-mobile__width-auto elementor-widget-tablet__width-initial elementor-widget elementor-widget-counter\" data-id=\"dh0zzaqm\" data-element_type=\"widget\" data-widget_type=\"counter.default\">\n\t\t\t\t\t\t\t<div class=\"elementor-counter\">\n\t\t\t<div class=\"elementor-counter-title\">zadowolonych klient\u00f3w<\/div>\t\t\t<div class=\"elementor-counter-number-wrapper\">\n\t\t\t\t<span class=\"elementor-counter-number-prefix\"><\/span>\n\t\t\t\t<span class=\"elementor-counter-number\" data-duration=\"2000\" data-to-value=\"150\" data-from-value=\"0\">0<\/span>\n\t\t\t\t<span class=\"elementor-counter-number-suffix\"> tys.<\/span>\n\t\t\t<\/div>\n\t\t<\/div>\n\t\t\t\t\t\t<\/div>\n\t\t\t\t<\/div>\n\t\t<div class=\"elementor-element elementor-element-1tw59f63 e-con-full e-flex e-con e-parent\" data-id=\"1tw59f63\" data-element_type=\"container\">\n\t\t\t\t<div class=\"elementor-element elementor-element-apfln7hu elementor-widget__width-auto elementor-widget-mobile__width-auto elementor-widget-tablet__width-initial elementor-widget elementor-widget-counter\" data-id=\"apfln7hu\" data-element_type=\"widget\" data-widget_type=\"counter.default\">\n\t\t\t\t\t\t\t<div class=\"elementor-counter\">\n\t\t\t<div class=\"elementor-counter-title\">udanych projekt\u00f3w<\/div>\t\t\t<div class=\"elementor-counter-number-wrapper\">\n\t\t\t\t<span class=\"elementor-counter-number-prefix\"><\/span>\n\t\t\t\t<span class=\"elementor-counter-number\" data-duration=\"2000\" data-to-value=\"300\" data-from-value=\"0\">0<\/span>\n\t\t\t\t<span class=\"elementor-counter-number-suffix\"> tys.<\/span>\n\t\t\t<\/div>\n\t\t<\/div>\n\t\t\t\t\t\t<\/div>\n\t\t\t\t<\/div>\n\t\t\t\t<\/div>\n\t\t<div class=\"elementor-element elementor-element-48ibxo0u e-con-full e-flex e-con e-parent\" data-id=\"48ibxo0u\" data-element_type=\"container\">\n\t\t<div class=\"elementor-element elementor-element-168sskxj e-con-full e-flex e-con e-parent\" data-id=\"168sskxj\" data-element_type=\"container\">\n\t\t\t\t<div class=\"elementor-element elementor-element-4jm4mu40 elementor-widget__width-auto elementor-widget-mobile__width-auto elementor-widget-tablet__width-initial elementor-widget elementor-widget-counter\" data-id=\"4jm4mu40\" data-element_type=\"widget\" data-widget_type=\"counter.default\">\n\t\t\t\t\t\t\t<div class=\"elementor-counter\">\n\t\t\t<div class=\"elementor-counter-title\">wydajno\u015b\u0107 systemu<\/div>\t\t\t<div class=\"elementor-counter-number-wrapper\">\n\t\t\t\t<span class=\"elementor-counter-number-prefix\"><\/span>\n\t\t\t\t<span class=\"elementor-counter-number\" data-duration=\"2000\" data-to-value=\"50\" data-from-value=\"0\">0<\/span>\n\t\t\t\t<span class=\"elementor-counter-number-suffix\"> %<\/span>\n\t\t\t<\/div>\n\t\t<\/div>\n\t\t\t\t\t\t<\/div>\n\t\t\t\t<\/div>\n\t\t<div class=\"elementor-element elementor-element-ljwxuvul e-con-full e-flex e-con e-parent\" data-id=\"ljwxuvul\" data-element_type=\"container\">\n\t\t\t\t<div class=\"elementor-element elementor-element-hg6ps8xr elementor-widget__width-auto elementor-widget-mobile__width-auto elementor-widget-tablet__width-initial elementor-widget elementor-widget-counter\" data-id=\"hg6ps8xr\" data-element_type=\"widget\" data-widget_type=\"counter.default\">\n\t\t\t\t\t\t\t<div class=\"elementor-counter\">\n\t\t\t<div class=\"elementor-counter-title\">satysfakcja klienta<\/div>\t\t\t<div class=\"elementor-counter-number-wrapper\">\n\t\t\t\t<span class=\"elementor-counter-number-prefix\"><\/span>\n\t\t\t\t<span class=\"elementor-counter-number\" data-duration=\"2000\" data-to-value=\"100\" data-from-value=\"0\">0<\/span>\n\t\t\t\t<span class=\"elementor-counter-number-suffix\"> %<\/span>\n\t\t\t<\/div>\n\t\t<\/div>\n\t\t\t\t\t\t<\/div>\n\t\t\t\t<\/div>\n\t\t\t\t<\/div>\n\t\t\t\t<\/div>\n\t\t\t\t<div class=\"elementor-element elementor-element-wlaq0zgr elementor-widget__width-initial elementor-widget-mobile__width-inherit elementor-widget-tablet__width-initial elementor-widget elementor-widget-image\" data-id=\"wlaq0zgr\" data-element_type=\"widget\" data-widget_type=\"image.default\">\n\t\t\t\t\t\t\t\t\t\t\t\t\t\t\t<img decoding=\"async\" src=\"https:\/\/superb-iguana-1.10web.cloud\/wp-content\/uploads\/2025\/11\/tenweb_media_sdwilsfaz.webp\" title=\"\" alt=\"Technicians installing smart home panels and configuring automation systems in a modern residential setting.\" loading=\"lazy\" \/>\t\t\t\t\t\t\t\t\t\t\t\t\t\t\t<\/div>\n\t\t\t\t\t<\/div>\n\t\t\t\t<\/div>\n\t\t\t\t<\/div>\n\t\t","protected":false},"excerpt":{"rendered":"","protected":false},"author":1,"featured_media":0,"parent":0,"menu_order":0,"comment_status":"closed","ping_status":"publish","template":"","meta":{"two_page_speed":[],"footnotes":""},"class_list":["post-508","page","type-page","status-publish","hentry"],"_links":{"self":[{"href":"https:\/\/new.brainhouse.pl\/index.php?rest_route=\/wp\/v2\/pages\/508","targetHints":{"allow":["GET"]}}],"collection":[{"href":"https:\/\/new.brainhouse.pl\/index.php?rest_route=\/wp\/v2\/pages"}],"about":[{"href":"https:\/\/new.brainhouse.pl\/index.php?rest_route=\/wp\/v2\/types\/page"}],"author":[{"embeddable":true,"href":"https:\/\/new.brainhouse.pl\/index.php?rest_route=\/wp\/v2\/users\/1"}],"replies":[{"embeddable":true,"href":"https:\/\/new.brainhouse.pl\/index.php?rest_route=%2Fwp%2Fv2%2Fcomments&post=508"}],"version-history":[{"count":0,"href":"https:\/\/new.brainhouse.pl\/index.php?rest_route=\/wp\/v2\/pages\/508\/revisions"}],"wp:attachment":[{"href":"https:\/\/new.brainhouse.pl\/index.php?rest_route=%2Fwp%2Fv2%2Fmedia&parent=508"}],"curies":[{"name":"wp","href":"https:\/\/api.w.org\/{rel}","templated":true}]}}