{"id":505,"date":"2025-11-23T20:50:41","date_gmt":"2025-11-23T19:50:41","guid":{"rendered":"https:\/\/superb-iguana-1.10web.cloud\/projekt-systemu-inteligentnego-domu\/"},"modified":"2025-11-23T20:50:41","modified_gmt":"2025-11-23T19:50:41","slug":"projekt-systemu-inteligentnego-domu","status":"publish","type":"page","link":"https:\/\/new.brainhouse.pl\/?page_id=505","title":{"rendered":"Projekt Systemu Inteligentnego Domu"},"content":{"rendered":"\t\t<div data-elementor-type=\"wp-page\" data-elementor-id=\"505\" class=\"elementor elementor-505\">\n\t\t\t\t<div class=\"elementor-element elementor-element-58k19s8r twbb_section twbb_full_h e-con-boxed e-flex e-con e-parent\" data-id=\"58k19s8r\" data-element_type=\"container\" id=\"hero-section-of-the-page-for-service-smart-home-system-design\" data-settings=\"{&quot;background_background&quot;:&quot;classic&quot;}\">\n\t\t\t\t\t<div class=\"e-con-inner\">\n\t\t\t\t<div class=\"elementor-element elementor-element-blg6bwah elementor-widget__width-initial elementor-widget-mobile__width-inherit elementor-widget-tablet__width-initial elementor-invisible elementor-widget elementor-widget-text-editor\" data-id=\"blg6bwah\" data-element_type=\"widget\" data-settings=\"{&quot;_animation&quot;:&quot;fadeInUp&quot;}\" data-widget_type=\"text-editor.default\">\n\t\t\t\t\t\t\t\t\tZmie\u0144 swoj\u0105 przestrze\u0144 \u017cyciow\u0105 dzi\u0119ki projektowi systemu inteligentnego domu Brain House. Tworzymy dostosowane rozwi\u0105zania oparte na KNX, integruj\u0105ce o\u015bwietlenie, zacienianie, ogrzewanie, bezpiecze\u0144stwo i audio dla zwi\u0119kszonego komfortu i wydajno\u015bci. Do\u015bwiadcz przysz\u0142o\u015bci inteligentnego \u017cycia, dostosowanego do Twoich unikalnych potrzeb.\t\t\t\t\t\t\t\t<\/div>\n\t\t<div class=\"elementor-element elementor-element-uly62su2 e-con-full e-flex e-con e-parent\" data-id=\"uly62su2\" data-element_type=\"container\">\n\t\t\t\t<div class=\"elementor-element elementor-element-79oej7lt elementor-align-right elementor-mobile-align-center elementor-widget elementor-widget-button\" data-id=\"79oej7lt\" data-element_type=\"widget\" data-widget_type=\"button.default\">\n\t\t\t\t\t\t\t\t\t\t<a class=\"elementor-button elementor-button-link elementor-size-sm\" href=\"#Details%20section%20of%20the%20page%20for%20service%20Smart%20Home%20System%20Design\">\n\t\t\t\t\t\t<span class=\"elementor-button-content-wrapper\">\n\t\t\t\t\t\t\t\t\t<span class=\"elementor-button-text\">Dowiedz si\u0119 wi\u0119cej<\/span>\n\t\t\t\t\t<\/span>\n\t\t\t\t\t<\/a>\n\t\t\t\t\t\t\t\t<\/div>\n\t\t\t\t<div class=\"elementor-element elementor-element-fq7227wh elementor-align-left elementor-mobile-align-center elementor-widget elementor-widget-button\" data-id=\"fq7227wh\" data-element_type=\"widget\" data-widget_type=\"button.default\">\n\t\t\t\t\t\t\t\t\t\t<a class=\"elementor-button elementor-button-link elementor-size-sm\" href=\"https:\/\/superb-iguana-1.10web.cloud\/kontakt-3\/\/\">\n\t\t\t\t\t\t<span class=\"elementor-button-content-wrapper\">\n\t\t\t\t\t\t\t\t\t<span class=\"elementor-button-text\">Skontaktuj si\u0119 z nami<\/span>\n\t\t\t\t\t<\/span>\n\t\t\t\t\t<\/a>\n\t\t\t\t\t\t\t\t<\/div>\n\t\t\t\t<\/div>\n\t\t\t\t\t<\/div>\n\t\t\t\t<\/div>\n\t\t<div class=\"elementor-element elementor-element-6690fusk twbb_section e-con-boxed e-flex e-con e-parent\" data-id=\"6690fusk\" data-element_type=\"container\" id=\"details-section-of-the-page-for-service-smart-home-system-design\">\n\t\t\t\t\t<div class=\"e-con-inner\">\n\t\t\t\t<div class=\"elementor-element elementor-element-8u99shzz elementor-widget__width-initial elementor-widget-mobile__width-inherit elementor-widget-tablet__width-initial elementor-widget elementor-widget-image\" data-id=\"8u99shzz\" data-element_type=\"widget\" data-widget_type=\"image.default\">\n\t\t\t\t\t\t\t\t\t\t\t\t\t\t\t<img decoding=\"async\" src=\"https:\/\/superb-iguana-1.10web.cloud\/wp-content\/uploads\/2025\/11\/tenweb_media_sxxkoom5e.webp\" title=\"\" alt=\"A sleek, modern living room featuring integrated smart lighting, shading, and audio controls, demonstrating a high-end, functional smart home environment.\" loading=\"lazy\" \/>\t\t\t\t\t\t\t\t\t\t\t\t\t\t\t<\/div>\n\t\t<div class=\"elementor-element elementor-element-uah1zpix e-con-full e-flex e-con e-parent\" data-id=\"uah1zpix\" data-element_type=\"container\">\n\t\t\t\t<div class=\"elementor-element elementor-element-w68kxe9o elementor-widget__width-initial elementor-widget-mobile__width-inherit elementor-widget-tablet__width-initial elementor-invisible elementor-widget elementor-widget-heading\" data-id=\"w68kxe9o\" data-element_type=\"widget\" data-settings=\"{&quot;_animation&quot;:&quot;fadeInUp&quot;}\" data-widget_type=\"heading.default\">\n\t\t\t\t\t<h2 class=\"elementor-heading-title elementor-size-default\">Odkryj korzy\u015bci z <em>Projektowania Inteligentnego Domu<\/em><\/h2>\t\t\t\t<\/div>\n\t\t\t\t<div class=\"elementor-element elementor-element-31d852fz elementor-widget__width-initial elementor-widget-mobile__width-inherit elementor-widget-tablet__width-initial elementor-invisible elementor-widget elementor-widget-text-editor\" data-id=\"31d852fz\" data-element_type=\"widget\" data-settings=\"{&quot;_animation&quot;:&quot;fadeInUp&quot;}\" data-widget_type=\"text-editor.default\">\n\t\t\t\t\t\t\t\t\tW Brain House tworzymy dostosowane systemy inteligentnego domu, kt\u00f3re p\u0142ynnie integruj\u0105 o\u015bwietlenie, zacienianie, ogrzewanie, bezpiecze\u0144stwo i rozwi\u0105zania audio. Nasze projekty priorytetowo traktuj\u0105 elegancj\u0119, niezawodno\u015b\u0107 i komfort u\u017cytkowania, zapewniaj\u0105c, \u017ce Twoja przestrze\u0144 jest zar\u00f3wno inteligentna, jak i stylowa. Zaufaj nam, \u017ce stworzymy system przysz\u0142o\u015bci, kt\u00f3ry dostosuje si\u0119 do Twoich potrzeb i poprawi Tw\u00f3j styl \u017cycia.\t\t\t\t\t\t\t\t<\/div>\n\t\t<div class=\"elementor-element elementor-element-h22cv1pe e-con-full e-flex e-con e-parent\" data-id=\"h22cv1pe\" data-element_type=\"container\">\n\t\t<div class=\"elementor-element elementor-element-c5hfehiz e-con-full e-flex e-con e-parent\" data-id=\"c5hfehiz\" data-element_type=\"container\">\n\t\t\t\t<div class=\"elementor-element elementor-element-3ctk9onm elementor-widget__width-auto elementor-widget-mobile__width-auto elementor-widget-tablet__width-initial elementor-widget elementor-widget-counter\" data-id=\"3ctk9onm\" data-element_type=\"widget\" data-widget_type=\"counter.default\">\n\t\t\t\t\t\t\t<div class=\"elementor-counter\">\n\t\t\t<div class=\"elementor-counter-title\">Zwi\u0119kszona efektywno\u015b\u0107 energetyczna<\/div>\t\t\t<div class=\"elementor-counter-number-wrapper\">\n\t\t\t\t<span class=\"elementor-counter-number-prefix\"><\/span>\n\t\t\t\t<span class=\"elementor-counter-number\" data-duration=\"2000\" data-to-value=\"150\" data-from-value=\"0\">0<\/span>\n\t\t\t\t<span class=\"elementor-counter-number-suffix\"> %<\/span>\n\t\t\t<\/div>\n\t\t<\/div>\n\t\t\t\t\t\t<\/div>\n\t\t\t\t<\/div>\n\t\t<div class=\"elementor-element elementor-element-qn4ql10p e-con-full e-flex e-con e-parent\" data-id=\"qn4ql10p\" data-element_type=\"container\">\n\t\t\t\t<div class=\"elementor-element elementor-element-goortixu elementor-widget__width-auto elementor-widget-mobile__width-auto elementor-widget-tablet__width-initial elementor-widget elementor-widget-counter\" data-id=\"goortixu\" data-element_type=\"widget\" data-widget_type=\"counter.default\">\n\t\t\t\t\t\t\t<div class=\"elementor-counter\">\n\t\t\t<div class=\"elementor-counter-title\">Dostosowane rozwi\u0105zania<\/div>\t\t\t<div class=\"elementor-counter-number-wrapper\">\n\t\t\t\t<span class=\"elementor-counter-number-prefix\"><\/span>\n\t\t\t\t<span class=\"elementor-counter-number\" data-duration=\"2000\" data-to-value=\"300\" data-from-value=\"0\">0<\/span>\n\t\t\t\t<span class=\"elementor-counter-number-suffix\"> %<\/span>\n\t\t\t<\/div>\n\t\t<\/div>\n\t\t\t\t\t\t<\/div>\n\t\t\t\t<\/div>\n\t\t\t\t<\/div>\n\t\t<div class=\"elementor-element elementor-element-e0ryns93 e-con-full e-flex e-con e-parent\" data-id=\"e0ryns93\" data-element_type=\"container\">\n\t\t<div class=\"elementor-element elementor-element-1jb0913n e-con-full e-flex e-con e-parent\" data-id=\"1jb0913n\" data-element_type=\"container\">\n\t\t\t\t<div class=\"elementor-element elementor-element-g95xaf6p elementor-widget__width-auto elementor-widget-mobile__width-auto elementor-widget-tablet__width-initial elementor-widget elementor-widget-counter\" data-id=\"g95xaf6p\" data-element_type=\"widget\" data-widget_type=\"counter.default\">\n\t\t\t\t\t\t\t<div class=\"elementor-counter\">\n\t\t\t<div class=\"elementor-counter-title\">Zoptymalizowana kontrola klimatu<\/div>\t\t\t<div class=\"elementor-counter-number-wrapper\">\n\t\t\t\t<span class=\"elementor-counter-number-prefix\"><\/span>\n\t\t\t\t<span class=\"elementor-counter-number\" data-duration=\"2000\" data-to-value=\"50\" data-from-value=\"0\">0<\/span>\n\t\t\t\t<span class=\"elementor-counter-number-suffix\"> kW<\/span>\n\t\t\t<\/div>\n\t\t<\/div>\n\t\t\t\t\t\t<\/div>\n\t\t\t\t<\/div>\n\t\t<div class=\"elementor-element elementor-element-ooqvpiu1 e-con-full e-flex e-con e-parent\" data-id=\"ooqvpiu1\" data-element_type=\"container\">\n\t\t\t\t<div class=\"elementor-element elementor-element-knqf5w3y elementor-widget__width-auto elementor-widget-mobile__width-auto elementor-widget-tablet__width-initial elementor-widget elementor-widget-counter\" data-id=\"knqf5w3y\" data-element_type=\"widget\" data-widget_type=\"counter.default\">\n\t\t\t\t\t\t\t<div class=\"elementor-counter\">\n\t\t\t<div class=\"elementor-counter-title\">Niezawodny serwis i wsparcie<\/div>\t\t\t<div class=\"elementor-counter-number-wrapper\">\n\t\t\t\t<span class=\"elementor-counter-number-prefix\"><\/span>\n\t\t\t\t<span class=\"elementor-counter-number\" data-duration=\"2000\" data-to-value=\"20\" data-from-value=\"0\">0<\/span>\n\t\t\t\t<span class=\"elementor-counter-number-suffix\"> lata<\/span>\n\t\t\t<\/div>\n\t\t<\/div>\n\t\t\t\t\t\t<\/div>\n\t\t\t\t<\/div>\n\t\t\t\t<\/div>\n\t\t\t\t<\/div>\n\t\t\t\t\t<\/div>\n\t\t\t\t<\/div>\n\t\t\t\t<\/div>\n\t\t","protected":false},"excerpt":{"rendered":"","protected":false},"author":1,"featured_media":0,"parent":0,"menu_order":0,"comment_status":"closed","ping_status":"publish","template":"","meta":{"two_page_speed":[],"footnotes":""},"class_list":["post-505","page","type-page","status-publish","hentry"],"_links":{"self":[{"href":"https:\/\/new.brainhouse.pl\/index.php?rest_route=\/wp\/v2\/pages\/505","targetHints":{"allow":["GET"]}}],"collection":[{"href":"https:\/\/new.brainhouse.pl\/index.php?rest_route=\/wp\/v2\/pages"}],"about":[{"href":"https:\/\/new.brainhouse.pl\/index.php?rest_route=\/wp\/v2\/types\/page"}],"author":[{"embeddable":true,"href":"https:\/\/new.brainhouse.pl\/index.php?rest_route=\/wp\/v2\/users\/1"}],"replies":[{"embeddable":true,"href":"https:\/\/new.brainhouse.pl\/index.php?rest_route=%2Fwp%2Fv2%2Fcomments&post=505"}],"version-history":[{"count":0,"href":"https:\/\/new.brainhouse.pl\/index.php?rest_route=\/wp\/v2\/pages\/505\/revisions"}],"wp:attachment":[{"href":"https:\/\/new.brainhouse.pl\/index.php?rest_route=%2Fwp%2Fv2%2Fmedia&parent=505"}],"curies":[{"name":"wp","href":"https:\/\/api.w.org\/{rel}","templated":true}]}}