{"id":314,"date":"2025-11-23T20:12:47","date_gmt":"2025-11-23T19:12:47","guid":{"rendered":"https:\/\/superb-iguana-1.10web.cloud\/projekt-w-portfolio-nowoczesny-dom-rodzinny-w-lodzi\/"},"modified":"2025-11-23T20:12:47","modified_gmt":"2025-11-23T19:12:47","slug":"projekt-w-portfolio-nowoczesny-dom-rodzinny-w-lodzi","status":"publish","type":"page","link":"https:\/\/new.brainhouse.pl\/?page_id=314","title":{"rendered":"Projekt w portfolio: Nowoczesny dom rodzinny w \u0141odzi"},"content":{"rendered":"\t\t<div data-elementor-type=\"wp-page\" data-elementor-id=\"314\" class=\"elementor elementor-314\">\n\t\t\t\t<div class=\"elementor-element elementor-element-agqoervr twbb_section e-con-boxed e-flex e-con e-parent\" data-id=\"agqoervr\" data-element_type=\"container\" id=\"hero-section-of-the-page-for-the-project-modern-family-home-in-lodz\">\n\t\t\t\t\t<div class=\"e-con-inner\">\n\t\t\t\t<div class=\"elementor-element elementor-element-k4zhwfx0 elementor-widget__width-initial elementor-widget-mobile__width-inherit elementor-widget-tablet__width-initial elementor-widget elementor-widget-image\" data-id=\"k4zhwfx0\" data-element_type=\"widget\" data-widget_type=\"image.default\">\n\t\t\t\t\t\t\t\t\t\t\t\t\t\t\t<img decoding=\"async\" src=\"https:\/\/superb-iguana-1.10web.cloud\/wp-content\/uploads\/2025\/11\/tenweb_media_s2zoxdq4e.webp\" title=\"\" alt=\"A high-resolution exterior shot of a modern, smart home with visible integrated lighting and shading features, set in a suburban neighborhood in \u0141\u00f3d\u017a, Poland.\" loading=\"lazy\" \/>\t\t\t\t\t\t\t\t\t\t\t\t\t\t\t<\/div>\n\t\t<div class=\"elementor-element elementor-element-vbh7rzml e-con-boxed e-flex e-con e-parent\" data-id=\"vbh7rzml\" data-element_type=\"container\">\n\t\t\t\t\t<div class=\"e-con-inner\">\n\t\t<div class=\"elementor-element elementor-element-sihktkxx e-con-full e-flex e-con e-parent\" data-id=\"sihktkxx\" data-element_type=\"container\">\n\t\t\t\t<div class=\"elementor-element elementor-element-r7kaz9ie elementor-invisible elementor-widget elementor-widget-heading\" data-id=\"r7kaz9ie\" data-element_type=\"widget\" data-settings=\"{&quot;_animation&quot;:&quot;fadeInUp&quot;}\" data-widget_type=\"heading.default\">\n\t\t\t\t\t<h1 class=\"elementor-heading-title elementor-size-default\">Nowoczesny dom rodzinny w \u0141odzi<\/h1>\t\t\t\t<\/div>\n\t\t\t\t<div class=\"elementor-element elementor-element-suxw4bjg elementor-invisible elementor-widget elementor-widget-text-editor\" data-id=\"suxw4bjg\" data-element_type=\"widget\" data-settings=\"{&quot;_animation&quot;:&quot;fadeInUp&quot;}\" data-widget_type=\"text-editor.default\">\n\t\t\t\t\t\t\t\t\tOdkryj, jak przekszta\u0142cili\u015bmy t\u0119 rezydencj\u0119 w w pe\u0142ni zintegrowany inteligentny dom, \u0142\u0105cz\u0105c komfort, bezpiecze\u0144stwo i efektywno\u015b\u0107 energetyczn\u0105 z intuicyjnym sterowaniem.\t\t\t\t\t\t\t\t<\/div>\n\t\t\t\t<div class=\"elementor-element elementor-element-6k62gf27 elementor-widget__width-initial elementor-widget-mobile__width-inherit elementor-widget-tablet__width-initial elementor-align-left elementor-icon-list--layout-inline elementor-list-item-link-full_width elementor-widget elementor-widget-icon-list\" data-id=\"6k62gf27\" data-element_type=\"widget\" data-widget_type=\"icon-list.default\">\n\t\t\t\t\t\t\t<ul class=\"elementor-icon-list-items elementor-inline-items\">\n\t\t\t\t\t\t\t<li class=\"elementor-icon-list-item elementor-inline-item\">\n\t\t\t\t\t\t\t\t\t\t\t<span class=\"elementor-icon-list-icon\">\n\t\t\t\t\t\t\t<svg aria-hidden=\"true\" class=\"e-font-icon-svg e-fas-hashtag\" viewBox=\"0 0 448 512\" xmlns=\"http:\/\/www.w3.org\/2000\/svg\"><path d=\"M440.667 182.109l7.143-40c1.313-7.355-4.342-14.109-11.813-14.109h-74.81l14.623-81.891C377.123 38.754 371.468 32 363.997 32h-40.632a12 12 0 0 0-11.813 9.891L296.175 128H197.54l14.623-81.891C213.477 38.754 207.822 32 200.35 32h-40.632a12 12 0 0 0-11.813 9.891L132.528 128H53.432a12 12 0 0 0-11.813 9.891l-7.143 40C33.163 185.246 38.818 192 46.289 192h74.81L98.242 320H19.146a12 12 0 0 0-11.813 9.891l-7.143 40C-1.123 377.246 4.532 384 12.003 384h74.81L72.19 465.891C70.877 473.246 76.532 480 84.003 480h40.632a12 12 0 0 0 11.813-9.891L151.826 384h98.634l-14.623 81.891C234.523 473.246 240.178 480 247.65 480h40.632a12 12 0 0 0 11.813-9.891L315.472 384h79.096a12 12 0 0 0 11.813-9.891l7.143-40c1.313-7.355-4.342-14.109-11.813-14.109h-74.81l22.857-128h79.096a12 12 0 0 0 11.813-9.891zM261.889 320h-98.634l22.857-128h98.634l-22.857 128z\"><\/path><\/svg>\t\t\t\t\t\t<\/span>\n\t\t\t\t\t\t\t\t\t\t<span class=\"elementor-icon-list-text\">Inteligentne o\u015bwietlenie z konfigurowalnymi scenami<\/span>\n\t\t\t\t\t\t\t\t\t<\/li>\n\t\t\t\t\t\t\t\t<li class=\"elementor-icon-list-item elementor-inline-item\">\n\t\t\t\t\t\t\t\t\t\t\t<span class=\"elementor-icon-list-icon\">\n\t\t\t\t\t\t\t<svg aria-hidden=\"true\" class=\"e-font-icon-svg e-fas-hashtag\" viewBox=\"0 0 448 512\" xmlns=\"http:\/\/www.w3.org\/2000\/svg\"><path d=\"M440.667 182.109l7.143-40c1.313-7.355-4.342-14.109-11.813-14.109h-74.81l14.623-81.891C377.123 38.754 371.468 32 363.997 32h-40.632a12 12 0 0 0-11.813 9.891L296.175 128H197.54l14.623-81.891C213.477 38.754 207.822 32 200.35 32h-40.632a12 12 0 0 0-11.813 9.891L132.528 128H53.432a12 12 0 0 0-11.813 9.891l-7.143 40C33.163 185.246 38.818 192 46.289 192h74.81L98.242 320H19.146a12 12 0 0 0-11.813 9.891l-7.143 40C-1.123 377.246 4.532 384 12.003 384h74.81L72.19 465.891C70.877 473.246 76.532 480 84.003 480h40.632a12 12 0 0 0 11.813-9.891L151.826 384h98.634l-14.623 81.891C234.523 473.246 240.178 480 247.65 480h40.632a12 12 0 0 0 11.813-9.891L315.472 384h79.096a12 12 0 0 0 11.813-9.891l7.143-40c1.313-7.355-4.342-14.109-11.813-14.109h-74.81l22.857-128h79.096a12 12 0 0 0 11.813-9.891zM261.889 320h-98.634l22.857-128h98.634l-22.857 128z\"><\/path><\/svg>\t\t\t\t\t\t<\/span>\n\t\t\t\t\t\t\t\t\t\t<span class=\"elementor-icon-list-text\">Rolety i \u017caluzje sterowane elektrycznie<\/span>\n\t\t\t\t\t\t\t\t\t<\/li>\n\t\t\t\t\t\t\t\t<li class=\"elementor-icon-list-item elementor-inline-item\">\n\t\t\t\t\t\t\t\t\t\t\t<span class=\"elementor-icon-list-icon\">\n\t\t\t\t\t\t\t<svg aria-hidden=\"true\" class=\"e-font-icon-svg e-fas-hashtag\" viewBox=\"0 0 448 512\" xmlns=\"http:\/\/www.w3.org\/2000\/svg\"><path d=\"M440.667 182.109l7.143-40c1.313-7.355-4.342-14.109-11.813-14.109h-74.81l14.623-81.891C377.123 38.754 371.468 32 363.997 32h-40.632a12 12 0 0 0-11.813 9.891L296.175 128H197.54l14.623-81.891C213.477 38.754 207.822 32 200.35 32h-40.632a12 12 0 0 0-11.813 9.891L132.528 128H53.432a12 12 0 0 0-11.813 9.891l-7.143 40C33.163 185.246 38.818 192 46.289 192h74.81L98.242 320H19.146a12 12 0 0 0-11.813 9.891l-7.143 40C-1.123 377.246 4.532 384 12.003 384h74.81L72.19 465.891C70.877 473.246 76.532 480 84.003 480h40.632a12 12 0 0 0 11.813-9.891L151.826 384h98.634l-14.623 81.891C234.523 473.246 240.178 480 247.65 480h40.632a12 12 0 0 0 11.813-9.891L315.472 384h79.096a12 12 0 0 0 11.813-9.891l7.143-40c1.313-7.355-4.342-14.109-11.813-14.109h-74.81l22.857-128h79.096a12 12 0 0 0 11.813-9.891zM261.889 320h-98.634l22.857-128h98.634l-22.857 128z\"><\/path><\/svg>\t\t\t\t\t\t<\/span>\n\t\t\t\t\t\t\t\t\t\t<span class=\"elementor-icon-list-text\">Zintegrowane HVAC i kontrola klimatu<\/span>\n\t\t\t\t\t\t\t\t\t<\/li>\n\t\t\t\t\t\t<\/ul>\n\t\t\t\t\t\t<\/div>\n\t\t\t\t<\/div>\n\t\t<div class=\"elementor-element elementor-element-rio3msh8 e-con-full e-grid e-con e-parent\" data-id=\"rio3msh8\" data-element_type=\"container\">\n\t\t<div class=\"elementor-element elementor-element-muxawcxp e-con-full e-flex e-con e-parent\" data-id=\"muxawcxp\" data-element_type=\"container\">\n\t\t\t\t<div class=\"elementor-element elementor-element-ywze3jr0 elementor-invisible elementor-widget elementor-widget-heading\" data-id=\"ywze3jr0\" data-element_type=\"widget\" data-settings=\"{&quot;_animation&quot;:&quot;fadeInUp&quot;}\" data-widget_type=\"heading.default\">\n\t\t\t\t\t<h5 class=\"elementor-heading-title elementor-size-default\">Nag\u0142\u00f3wek Lorem Ipsum<\/h5>\t\t\t\t<\/div>\n\t\t\t\t<div class=\"elementor-element elementor-element-prfaxnhz elementor-invisible elementor-widget elementor-widget-text-editor\" data-id=\"prfaxnhz\" data-element_type=\"widget\" data-settings=\"{&quot;_animation&quot;:&quot;fadeInUp&quot;}\" data-widget_type=\"text-editor.default\">\n\t\t\t\t\t\t\t\t\tLorem ipsum dolor sit amet, consectetur adipiscing elit. Donec congue porttitor elit at bibendum. Cras urna ipsum, lobortis sit amet ante in, semper bibendum enim. Nunc vestibulum, nisl sed porttitor tincidunt, libero enim ultricies nulla, id tristique sapien justo at dolor. Duis dui purus, mollis sit amet nulla ac, finibus lacinia urna. Sed odio diam, volutpat vel pretium vel, iaculis in libero. Integer vitae tincidunt libero, ac venenatis neque. Etiam feugiat diam et sollicitudin tristique. Interdum et malesuada fames ac ante ipsum primis in faucibus. Nam egestas feugiat lacinia.\t\t\t\t\t\t\t\t<\/div>\n\t\t\t\t<\/div>\n\t\t<div class=\"elementor-element elementor-element-8ak5sx2m e-con-full e-flex e-con e-parent\" data-id=\"8ak5sx2m\" data-element_type=\"container\">\n\t\t\t\t<div class=\"elementor-element elementor-element-bziu37k6 elementor-invisible elementor-widget elementor-widget-heading\" data-id=\"bziu37k6\" data-element_type=\"widget\" data-settings=\"{&quot;_animation&quot;:&quot;fadeInUp&quot;}\" data-widget_type=\"heading.default\">\n\t\t\t\t\t<h5 class=\"elementor-heading-title elementor-size-default\">Nag\u0142\u00f3wek Lorem Ipsum<\/h5>\t\t\t\t<\/div>\n\t\t\t\t<div class=\"elementor-element elementor-element-l3aalok8 elementor-invisible elementor-widget elementor-widget-text-editor\" data-id=\"l3aalok8\" data-element_type=\"widget\" data-settings=\"{&quot;_animation&quot;:&quot;fadeInUp&quot;}\" data-widget_type=\"text-editor.default\">\n\t\t\t\t\t\t\t\t\tLorem ipsum dolor sit amet, consectetur adipiscing elit. Donec congue porttitor elit at bibendum. Cras urna ipsum, lobortis sit amet ante in, semper bibendum enim. Nunc vestibulum, nisl sed porttitor tincidunt, libero enim ultricies nulla, id tristique sapien justo at dolor. Duis dui purus, mollis sit amet nulla ac, finibus lacinia urna. Sed odio diam, volutpat vel pretium vel, iaculis in libero. Integer vitae tincidunt libero, ac venenatis neque. Etiam feugiat diam et sollicitudin tristique. Interdum et malesuada fames ac ante ipsum primis in faucibus. Nam egestas feugiat lacinia.\t\t\t\t\t\t\t\t<\/div>\n\t\t\t\t<\/div>\n\t\t<div class=\"elementor-element elementor-element-eciou5kj e-con-full e-flex e-con e-parent\" data-id=\"eciou5kj\" data-element_type=\"container\">\n\t\t\t\t<div class=\"elementor-element elementor-element-jioimd6z elementor-invisible elementor-widget elementor-widget-heading\" data-id=\"jioimd6z\" data-element_type=\"widget\" data-settings=\"{&quot;_animation&quot;:&quot;fadeInUp&quot;}\" data-widget_type=\"heading.default\">\n\t\t\t\t\t<h5 class=\"elementor-heading-title elementor-size-default\">Nag\u0142\u00f3wek Lorem Ipsum<\/h5>\t\t\t\t<\/div>\n\t\t\t\t<div class=\"elementor-element elementor-element-2dlu1l29 elementor-invisible elementor-widget elementor-widget-text-editor\" data-id=\"2dlu1l29\" data-element_type=\"widget\" data-settings=\"{&quot;_animation&quot;:&quot;fadeInUp&quot;}\" data-widget_type=\"text-editor.default\">\n\t\t\t\t\t\t\t\t\tLorem ipsum dolor sit amet, consectetur adipiscing elit. Donec congue porttitor elit at bibendum. Cras urna ipsum, lobortis sit amet ante in, semper bibendum enim. Nunc vestibulum, nisl sed porttitor tincidunt, libero enim ultricies nulla, id tristique sapien justo at dolor. Duis dui purus, mollis sit amet nulla ac, finibus lacinia urna. Sed odio diam, volutpat vel pretium vel, iaculis in libero. Integer vitae tincidunt libero, ac venenatis neque. Etiam feugiat diam et sollicitudin tristique. Interdum et malesuada fames ac ante ipsum primis in faucibus. Nam egestas feugiat lacinia.\t\t\t\t\t\t\t\t<\/div>\n\t\t\t\t<\/div>\n\t\t<div class=\"elementor-element elementor-element-9z67js4g e-con-full e-flex e-con e-parent\" data-id=\"9z67js4g\" data-element_type=\"container\">\n\t\t\t\t<div class=\"elementor-element elementor-element-8s61pihd elementor-invisible elementor-widget elementor-widget-heading\" data-id=\"8s61pihd\" data-element_type=\"widget\" data-settings=\"{&quot;_animation&quot;:&quot;fadeInUp&quot;}\" data-widget_type=\"heading.default\">\n\t\t\t\t\t<h5 class=\"elementor-heading-title elementor-size-default\">Nag\u0142\u00f3wek Lorem Ipsum<\/h5>\t\t\t\t<\/div>\n\t\t\t\t<div class=\"elementor-element elementor-element-445vx8ei elementor-invisible elementor-widget elementor-widget-text-editor\" data-id=\"445vx8ei\" data-element_type=\"widget\" data-settings=\"{&quot;_animation&quot;:&quot;fadeInUp&quot;}\" data-widget_type=\"text-editor.default\">\n\t\t\t\t\t\t\t\t\tLorem ipsum dolor sit amet, consectetur adipiscing elit. Donec congue porttitor elit at bibendum. Cras urna ipsum, lobortis sit amet ante in, semper bibendum enim. Nunc vestibulum, nisl sed porttitor tincidunt, libero enim ultricies nulla, id tristique sapien justo at dolor. Duis dui purus, mollis sit amet nulla ac, finibus lacinia urna. Sed odio diam, volutpat vel pretium vel, iaculis in libero. Integer vitae tincidunt libero, ac venenatis neque. Etiam feugiat diam et sollicitudin tristique. Interdum et malesuada fames ac ante ipsum primis in faucibus. Nam egestas feugiat lacinia.\t\t\t\t\t\t\t\t<\/div>\n\t\t\t\t<\/div>\n\t\t\t\t<\/div>\n\t\t\t\t\t<\/div>\n\t\t\t\t<\/div>\n\t\t\t\t\t<\/div>\n\t\t\t\t<\/div>\n\t\t<div class=\"elementor-element elementor-element-2xeht8ud twbb_section e-con-boxed e-flex e-con e-parent\" data-id=\"2xeht8ud\" data-element_type=\"container\" id=\"details-section-of-the-page-for-the-project-modern-family-home-in-lodz\">\n\t\t\t\t\t<div class=\"e-con-inner\">\n\t\t\t\t<div class=\"elementor-element elementor-element-8kqn60co elementor-widget__width-initial elementor-widget-mobile__width-inherit elementor-widget-tablet__width-initial elementor-invisible elementor-widget elementor-widget-heading\" data-id=\"8kqn60co\" data-element_type=\"widget\" data-settings=\"{&quot;_animation&quot;:&quot;fadeInUp&quot;}\" data-widget_type=\"heading.default\">\n\t\t\t\t\t<h2 class=\"elementor-heading-title elementor-size-default\">Nag\u0142\u00f3wek Lorem Ipsum<\/h2>\t\t\t\t<\/div>\n\t\t<div class=\"elementor-element elementor-element-3m1eor1o e-con-full e-flex e-con e-parent\" data-id=\"3m1eor1o\" data-element_type=\"container\">\n\t\t\t\t<div class=\"elementor-element elementor-element-eu0skqhg elementor-widget__width-initial elementor-widget-mobile__width-inherit elementor-widget-tablet__width-initial elementor-invisible elementor-widget elementor-widget-text-editor\" data-id=\"eu0skqhg\" data-element_type=\"widget\" data-settings=\"{&quot;_animation&quot;:&quot;fadeInUp&quot;}\" data-widget_type=\"text-editor.default\">\n\t\t\t\t\t\t\t\t\tOdkryj zaawansowan\u0105 automatyk\u0119 wdro\u017con\u0105 w Nowoczesnym Domu Rodzinnym w \u0141odzi. Ten projekt jest przyk\u0142adem naszej zdolno\u015bci do bezproblemowej integracji o\u015bwietlenia, zacieniania, HVAC i system\u00f3w bezpiecze\u0144stwa, zapewniaj\u0105c w\u0142a\u015bcicielowi intuicyjne sterowanie i efektywno\u015b\u0107 energetyczn\u0105. Nasze dopasowane rozwi\u0105zania zwi\u0119kszaj\u0105 komfort i bezpiecze\u0144stwo, czyni\u0105c codzienne \u017cycie wygodniejszym i bardziej energooszcz\u0119dnym.\t\t\t\t\t\t\t\t<\/div>\n\t\t\t\t<div class=\"elementor-element elementor-element-k44uf37a elementor-widget__width-initial elementor-widget-mobile__width-inherit elementor-widget-tablet__width-initial elementor-widget-divider--view-line elementor-widget elementor-widget-divider\" data-id=\"k44uf37a\" data-element_type=\"widget\" data-widget_type=\"divider.default\">\n\t\t\t\t\t\t\t<div class=\"elementor-divider\">\n\t\t\t<span class=\"elementor-divider-separator\">\n\t\t\t\t\t\t<\/span>\n\t\t<\/div>\n\t\t\t\t\t\t<\/div>\n\t\t<div class=\"elementor-element elementor-element-wzq6gg2p e-con-full e-flex e-con e-parent\" data-id=\"wzq6gg2p\" data-element_type=\"container\">\n\t\t\t\t<div class=\"elementor-element elementor-element-tdt8aht4 elementor-widget__width-initial elementor-widget-mobile__width-inherit elementor-widget-tablet__width-initial elementor-invisible elementor-widget elementor-widget-heading\" data-id=\"tdt8aht4\" data-element_type=\"widget\" data-settings=\"{&quot;_animation&quot;:&quot;fadeInUp&quot;}\" data-widget_type=\"heading.default\">\n\t\t\t\t\t<h5 class=\"elementor-heading-title elementor-size-default\">Klient<\/h5>\t\t\t\t<\/div>\n\t\t\t\t<div class=\"elementor-element elementor-element-5dovgnjg elementor-widget__width-initial elementor-widget-mobile__width-inherit elementor-widget-tablet__width-initial elementor-invisible elementor-widget elementor-widget-text-editor\" data-id=\"5dovgnjg\" data-element_type=\"widget\" data-settings=\"{&quot;_animation&quot;:&quot;fadeInUp&quot;}\" data-widget_type=\"text-editor.default\">\n\t\t\t\t\t\t\t\t\tW\u0142a\u015bciciel prywatny\t\t\t\t\t\t\t\t<\/div>\n\t\t\t\t<\/div>\n\t\t\t\t<div class=\"elementor-element elementor-element-2gde0ezy elementor-widget__width-initial elementor-widget-mobile__width-inherit elementor-widget-tablet__width-initial elementor-widget-divider--view-line elementor-widget elementor-widget-divider\" data-id=\"2gde0ezy\" data-element_type=\"widget\" data-widget_type=\"divider.default\">\n\t\t\t\t\t\t\t<div class=\"elementor-divider\">\n\t\t\t<span class=\"elementor-divider-separator\">\n\t\t\t\t\t\t<\/span>\n\t\t<\/div>\n\t\t\t\t\t\t<\/div>\n\t\t<div class=\"elementor-element elementor-element-dgduj51t e-con-full e-flex e-con e-parent\" data-id=\"dgduj51t\" data-element_type=\"container\">\n\t\t\t\t<div class=\"elementor-element elementor-element-zrvy8ftc elementor-widget__width-initial elementor-widget-mobile__width-inherit elementor-widget-tablet__width-initial elementor-invisible elementor-widget elementor-widget-heading\" data-id=\"zrvy8ftc\" data-element_type=\"widget\" data-settings=\"{&quot;_animation&quot;:&quot;fadeInUp&quot;}\" data-widget_type=\"heading.default\">\n\t\t\t\t\t<h5 class=\"elementor-heading-title elementor-size-default\">Data<\/h5>\t\t\t\t<\/div>\n\t\t\t\t<div class=\"elementor-element elementor-element-tdgn43ta elementor-widget__width-initial elementor-widget-mobile__width-inherit elementor-widget-tablet__width-initial elementor-invisible elementor-widget elementor-widget-text-editor\" data-id=\"tdgn43ta\" data-element_type=\"widget\" data-settings=\"{&quot;_animation&quot;:&quot;fadeInUp&quot;}\" data-widget_type=\"text-editor.default\">\n\t\t\t\t\t\t\t\t\tMaj 2023\t\t\t\t\t\t\t\t<\/div>\n\t\t\t\t<\/div>\n\t\t\t\t<div class=\"elementor-element elementor-element-m1buox4r elementor-widget__width-initial elementor-widget-mobile__width-inherit elementor-widget-tablet__width-initial elementor-widget-divider--view-line elementor-widget elementor-widget-divider\" data-id=\"m1buox4r\" data-element_type=\"widget\" data-widget_type=\"divider.default\">\n\t\t\t\t\t\t\t<div class=\"elementor-divider\">\n\t\t\t<span class=\"elementor-divider-separator\">\n\t\t\t\t\t\t<\/span>\n\t\t<\/div>\n\t\t\t\t\t\t<\/div>\n\t\t<div class=\"elementor-element elementor-element-lvwp3a06 e-con-full e-flex e-con e-parent\" data-id=\"lvwp3a06\" data-element_type=\"container\">\n\t\t\t\t<div class=\"elementor-element elementor-element-cn3gdde4 elementor-widget__width-initial elementor-widget-mobile__width-inherit elementor-widget-tablet__width-initial elementor-invisible elementor-widget elementor-widget-heading\" data-id=\"cn3gdde4\" data-element_type=\"widget\" data-settings=\"{&quot;_animation&quot;:&quot;fadeInUp&quot;}\" data-widget_type=\"heading.default\">\n\t\t\t\t\t<h5 class=\"elementor-heading-title elementor-size-default\">Rola<\/h5>\t\t\t\t<\/div>\n\t\t\t\t<div class=\"elementor-element elementor-element-5hvnw14v elementor-widget__width-initial elementor-widget-mobile__width-inherit elementor-widget-tablet__width-initial elementor-invisible elementor-widget elementor-widget-text-editor\" data-id=\"5hvnw14v\" data-element_type=\"widget\" data-settings=\"{&quot;_animation&quot;:&quot;fadeInUp&quot;}\" data-widget_type=\"text-editor.default\">\n\t\t\t\t\t\t\t\t\tKierownik Projektu\t\t\t\t\t\t\t\t<\/div>\n\t\t\t\t<\/div>\n\t\t\t\t<div class=\"elementor-element elementor-element-yehp1zfx elementor-widget__width-initial elementor-widget-mobile__width-inherit elementor-widget-tablet__width-initial elementor-widget-divider--view-line elementor-widget elementor-widget-divider\" data-id=\"yehp1zfx\" data-element_type=\"widget\" data-widget_type=\"divider.default\">\n\t\t\t\t\t\t\t<div class=\"elementor-divider\">\n\t\t\t<span class=\"elementor-divider-separator\">\n\t\t\t\t\t\t<\/span>\n\t\t<\/div>\n\t\t\t\t\t\t<\/div>\n\t\t<div class=\"elementor-element elementor-element-7hw2gel6 e-con-full e-flex e-con e-parent\" data-id=\"7hw2gel6\" data-element_type=\"container\">\n\t\t\t\t<div class=\"elementor-element elementor-element-md3ql4yj elementor-widget__width-initial elementor-widget-mobile__width-inherit elementor-widget-tablet__width-initial elementor-invisible elementor-widget elementor-widget-heading\" data-id=\"md3ql4yj\" data-element_type=\"widget\" data-settings=\"{&quot;_animation&quot;:&quot;fadeInUp&quot;}\" data-widget_type=\"heading.default\">\n\t\t\t\t\t<h5 class=\"elementor-heading-title elementor-size-default\">Nowoczesny <em>inteligentny dom<\/em> w \u0141odzi<\/h5>\t\t\t\t<\/div>\n\t\t\t\t<div class=\"elementor-element elementor-element-o6fr7i5p elementor-widget__width-initial elementor-widget-mobile__width-inherit elementor-widget-tablet__width-initial elementor-invisible elementor-widget elementor-widget-text-editor\" data-id=\"o6fr7i5p\" data-element_type=\"widget\" data-settings=\"{&quot;_animation&quot;:&quot;fadeInUp&quot;}\" data-widget_type=\"text-editor.default\">\n\t\t\t\t\t\t\t\t\thttps:\/\/brainhouselodz.pl\/projekty\/nowoczesny-dom-rodzinny-lodz\t\t\t\t\t\t\t\t<\/div>\n\t\t\t\t<\/div>\n\t\t\t\t<\/div>\n\t\t\t\t\t<\/div>\n\t\t\t\t<\/div>\n\t\t\t\t<\/div>\n\t\t","protected":false},"excerpt":{"rendered":"","protected":false},"author":1,"featured_media":0,"parent":0,"menu_order":0,"comment_status":"closed","ping_status":"publish","template":"","meta":{"two_page_speed":[],"footnotes":""},"class_list":["post-314","page","type-page","status-publish","hentry"],"_links":{"self":[{"href":"https:\/\/new.brainhouse.pl\/index.php?rest_route=\/wp\/v2\/pages\/314","targetHints":{"allow":["GET"]}}],"collection":[{"href":"https:\/\/new.brainhouse.pl\/index.php?rest_route=\/wp\/v2\/pages"}],"about":[{"href":"https:\/\/new.brainhouse.pl\/index.php?rest_route=\/wp\/v2\/types\/page"}],"author":[{"embeddable":true,"href":"https:\/\/new.brainhouse.pl\/index.php?rest_route=\/wp\/v2\/users\/1"}],"replies":[{"embeddable":true,"href":"https:\/\/new.brainhouse.pl\/index.php?rest_route=%2Fwp%2Fv2%2Fcomments&post=314"}],"version-history":[{"count":0,"href":"https:\/\/new.brainhouse.pl\/index.php?rest_route=\/wp\/v2\/pages\/314\/revisions"}],"wp:attachment":[{"href":"https:\/\/new.brainhouse.pl\/index.php?rest_route=%2Fwp%2Fv2%2Fmedia&parent=314"}],"curies":[{"name":"wp","href":"https:\/\/api.w.org\/{rel}","templated":true}]}}