{"id":312,"date":"2025-11-23T20:12:47","date_gmt":"2025-11-23T19:12:47","guid":{"rendered":"https:\/\/superb-iguana-1.10web.cloud\/projektowanie-i-instalacja-inteligentnych-domow\/"},"modified":"2025-11-23T20:12:47","modified_gmt":"2025-11-23T19:12:47","slug":"projektowanie-i-instalacja-inteligentnych-domow","status":"publish","type":"page","link":"https:\/\/new.brainhouse.pl\/?page_id=312","title":{"rendered":"Projektowanie i instalacja inteligentnych dom\u00f3w"},"content":{"rendered":"\t\t<div data-elementor-type=\"wp-page\" data-elementor-id=\"312\" class=\"elementor elementor-312\">\n\t\t\t\t<div class=\"elementor-element elementor-element-d0d8u6au twbb_section twbb_full_h e-con-boxed e-flex e-con e-parent\" data-id=\"d0d8u6au\" data-element_type=\"container\" id=\"hero-section-of-the-page-for-service-smart-home-design-and-installation\" data-settings=\"{&quot;background_background&quot;:&quot;classic&quot;}\">\n\t\t\t\t\t<div class=\"e-con-inner\">\n\t\t\t\t<div class=\"elementor-element elementor-element-tj7917w0 elementor-widget__width-initial elementor-widget-mobile__width-inherit elementor-widget-tablet__width-initial elementor-invisible elementor-widget elementor-widget-text-editor\" data-id=\"tj7917w0\" data-element_type=\"widget\" data-settings=\"{&quot;_animation&quot;:&quot;fadeInUp&quot;}\" data-widget_type=\"text-editor.default\">\n\t\t\t\t\t\t\t\t\tPrzekszta\u0142\u0107 sw\u00f3j dom w inteligentn\u0105 oaz\u0119 z Brain House. Specjalizujemy si\u0119 w systemach inteligentnego domu opartych na KNX, oferuj\u0105c indywidualne projekty i bezproblemow\u0105 instalacj\u0119. Do\u015bwiadcz zwi\u0119kszonego komfortu, bezpiecze\u0144stwa i efektywno\u015bci energetycznej dostosowanych do Twojego stylu \u017cycia. Pozw\u00f3l nam urzeczywistni\u0107 Twoj\u0105 wizj\u0119 inteligentnego domu.\t\t\t\t\t\t\t\t<\/div>\n\t\t<div class=\"elementor-element elementor-element-jlcowqft e-con-full e-flex e-con e-parent\" data-id=\"jlcowqft\" data-element_type=\"container\">\n\t\t\t\t<div class=\"elementor-element elementor-element-kfp52v8e elementor-align-right elementor-mobile-align-center elementor-widget elementor-widget-button\" data-id=\"kfp52v8e\" data-element_type=\"widget\" data-widget_type=\"button.default\">\n\t\t\t\t\t\t\t\t\t\t<a class=\"elementor-button elementor-button-link elementor-size-sm\" href=\"#\">\n\t\t\t\t\t\t<span class=\"elementor-button-content-wrapper\">\n\t\t\t\t\t\t\t\t\t<span class=\"elementor-button-text\">Poznaj rozwi\u0105zania<\/span>\n\t\t\t\t\t<\/span>\n\t\t\t\t\t<\/a>\n\t\t\t\t\t\t\t\t<\/div>\n\t\t\t\t<div class=\"elementor-element elementor-element-rlm9x8pu elementor-align-left elementor-mobile-align-center elementor-widget elementor-widget-button\" data-id=\"rlm9x8pu\" data-element_type=\"widget\" data-widget_type=\"button.default\">\n\t\t\t\t\t\t\t\t\t\t<a class=\"elementor-button elementor-button-link elementor-size-sm\" href=\"#\">\n\t\t\t\t\t\t<span class=\"elementor-button-content-wrapper\">\n\t\t\t\t\t\t\t\t\t<span class=\"elementor-button-text\">Zobacz projekty<\/span>\n\t\t\t\t\t<\/span>\n\t\t\t\t\t<\/a>\n\t\t\t\t\t\t\t\t<\/div>\n\t\t\t\t<\/div>\n\t\t\t\t\t<\/div>\n\t\t\t\t<\/div>\n\t\t<div class=\"elementor-element elementor-element-jp0i3nav twbb_section e-con-boxed e-flex e-con e-parent\" data-id=\"jp0i3nav\" data-element_type=\"container\" id=\"details-section-of-the-page-for-service-smart-home-design-and-installation\">\n\t\t\t\t\t<div class=\"e-con-inner\">\n\t\t<div class=\"elementor-element elementor-element-v4tz93bb e-con-full e-flex e-con e-parent\" data-id=\"v4tz93bb\" data-element_type=\"container\">\n\t\t\t\t<div class=\"elementor-element elementor-element-snxraisb elementor-widget__width-initial elementor-widget-mobile__width-inherit elementor-widget-tablet__width-initial elementor-invisible elementor-widget elementor-widget-heading\" data-id=\"snxraisb\" data-element_type=\"widget\" data-settings=\"{&quot;_animation&quot;:&quot;fadeInUp&quot;}\" data-widget_type=\"heading.default\">\n\t\t\t\t\t<h2 class=\"elementor-heading-title elementor-size-default\">Dlaczego warto wybra\u0107 nasze rozwi\u0105zania dla inteligentnego domu<\/h2>\t\t\t\t<\/div>\n\t\t\t\t<div class=\"elementor-element elementor-element-4ktgjnuq elementor-widget__width-initial elementor-widget-mobile__width-inherit elementor-widget-tablet__width-initial elementor-invisible elementor-widget elementor-widget-text-editor\" data-id=\"4ktgjnuq\" data-element_type=\"widget\" data-settings=\"{&quot;_animation&quot;:&quot;fadeInUp&quot;}\" data-widget_type=\"text-editor.default\">\n\t\t\t\t\t\t\t\t\tOdkryj, jak Brain House przekszta\u0142ca Twoj\u0105 przestrze\u0144 \u017cyciow\u0105 dzi\u0119ki dostosowanej automatyzacji, efektywno\u015bci energetycznej i bezproblemowej integracji inteligentnych system\u00f3w. Nasz zesp\u00f3\u0142 ekspert\u00f3w projektuje rozwi\u0105zania, kt\u00f3re podnosz\u0105 komfort, bezpiecze\u0144stwo i wygod\u0119 nowoczesnych dom\u00f3w w ca\u0142ej Polsce.\t\t\t\t\t\t\t\t<\/div>\n\t\t<div class=\"elementor-element elementor-element-oujvzv4t e-con-full e-flex e-con e-parent\" data-id=\"oujvzv4t\" data-element_type=\"container\">\n\t\t<div class=\"elementor-element elementor-element-tvpp4rib e-con-full e-flex e-con e-parent\" data-id=\"tvpp4rib\" data-element_type=\"container\">\n\t\t\t\t<div class=\"elementor-element elementor-element-rh42hl58 elementor-widget__width-auto elementor-widget-mobile__width-auto elementor-widget-tablet__width-initial elementor-widget elementor-widget-counter\" data-id=\"rh42hl58\" data-element_type=\"widget\" data-widget_type=\"counter.default\">\n\t\t\t\t\t\t\t<div class=\"elementor-counter\">\n\t\t\t<div class=\"elementor-counter-title\">Ca\u0142kowite roczne oszcz\u0119dno\u015bci energii<\/div>\t\t\t<div class=\"elementor-counter-number-wrapper\">\n\t\t\t\t<span class=\"elementor-counter-number-prefix\"><\/span>\n\t\t\t\t<span class=\"elementor-counter-number\" data-duration=\"2000\" data-to-value=\"1500\" data-from-value=\"0\">0<\/span>\n\t\t\t\t<span class=\"elementor-counter-number-suffix\"> kWh<\/span>\n\t\t\t<\/div>\n\t\t<\/div>\n\t\t\t\t\t\t<\/div>\n\t\t\t\t<\/div>\n\t\t<div class=\"elementor-element elementor-element-rmwybwb9 e-con-full e-flex e-con e-parent\" data-id=\"rmwybwb9\" data-element_type=\"container\">\n\t\t\t\t<div class=\"elementor-element elementor-element-btn29pmi elementor-widget__width-auto elementor-widget-mobile__width-auto elementor-widget-tablet__width-initial elementor-widget elementor-widget-counter\" data-id=\"btn29pmi\" data-element_type=\"widget\" data-widget_type=\"counter.default\">\n\t\t\t\t\t\t\t<div class=\"elementor-counter\">\n\t\t\t<div class=\"elementor-counter-title\">\u015arednia poprawa kontroli temperatury<\/div>\t\t\t<div class=\"elementor-counter-number-wrapper\">\n\t\t\t\t<span class=\"elementor-counter-number-prefix\"><\/span>\n\t\t\t\t<span class=\"elementor-counter-number\" data-duration=\"2000\" data-to-value=\"300\" data-from-value=\"0\">0<\/span>\n\t\t\t\t<span class=\"elementor-counter-number-suffix\"> \u00b0C<\/span>\n\t\t\t<\/div>\n\t\t<\/div>\n\t\t\t\t\t\t<\/div>\n\t\t\t\t<\/div>\n\t\t\t\t<\/div>\n\t\t<div class=\"elementor-element elementor-element-v1jcyb7f e-con-full e-flex e-con e-parent\" data-id=\"v1jcyb7f\" data-element_type=\"container\">\n\t\t<div class=\"elementor-element elementor-element-cvvai8tg e-con-full e-flex e-con e-parent\" data-id=\"cvvai8tg\" data-element_type=\"container\">\n\t\t\t\t<div class=\"elementor-element elementor-element-tkdx0wjr elementor-widget__width-auto elementor-widget-mobile__width-auto elementor-widget-tablet__width-initial elementor-widget elementor-widget-counter\" data-id=\"tkdx0wjr\" data-element_type=\"widget\" data-widget_type=\"counter.default\">\n\t\t\t\t\t\t\t<div class=\"elementor-counter\">\n\t\t\t<div class=\"elementor-counter-title\">Wzrost efektywno\u015bci energetycznej<\/div>\t\t\t<div class=\"elementor-counter-number-wrapper\">\n\t\t\t\t<span class=\"elementor-counter-number-prefix\"><\/span>\n\t\t\t\t<span class=\"elementor-counter-number\" data-duration=\"2000\" data-to-value=\"50\" data-from-value=\"0\">0<\/span>\n\t\t\t\t<span class=\"elementor-counter-number-suffix\"> %<\/span>\n\t\t\t<\/div>\n\t\t<\/div>\n\t\t\t\t\t\t<\/div>\n\t\t\t\t<\/div>\n\t\t<div class=\"elementor-element elementor-element-ak0lrvzx e-con-full e-flex e-con e-parent\" data-id=\"ak0lrvzx\" data-element_type=\"container\">\n\t\t\t\t<div class=\"elementor-element elementor-element-efx0k8wm elementor-widget__width-auto elementor-widget-mobile__width-auto elementor-widget-tablet__width-initial elementor-widget elementor-widget-counter\" data-id=\"efx0k8wm\" data-element_type=\"widget\" data-widget_type=\"counter.default\">\n\t\t\t\t\t\t\t<div class=\"elementor-counter\">\n\t\t\t<div class=\"elementor-counter-title\">Liczba udanych instalacji inteligentnego domu<\/div>\t\t\t<div class=\"elementor-counter-number-wrapper\">\n\t\t\t\t<span class=\"elementor-counter-number-prefix\"><\/span>\n\t\t\t\t<span class=\"elementor-counter-number\" data-duration=\"2000\" data-to-value=\"200\" data-from-value=\"0\">0<\/span>\n\t\t\t\t<span class=\"elementor-counter-number-suffix\"> tys.<\/span>\n\t\t\t<\/div>\n\t\t<\/div>\n\t\t\t\t\t\t<\/div>\n\t\t\t\t<\/div>\n\t\t\t\t<\/div>\n\t\t\t\t<\/div>\n\t\t\t\t<div class=\"elementor-element elementor-element-i3gxkijf elementor-widget__width-initial elementor-widget-mobile__width-inherit elementor-widget-tablet__width-initial elementor-widget elementor-widget-image\" data-id=\"i3gxkijf\" data-element_type=\"widget\" data-widget_type=\"image.default\">\n\t\t\t\t\t\t\t\t\t\t\t\t\t\t\t<img decoding=\"async\" src=\"https:\/\/superb-iguana-1.10web.cloud\/wp-content\/uploads\/2025\/11\/tenweb_media_s9kqqj4bg.webp\" title=\"\" alt=\"A modern living room with integrated lighting, shading, and multimedia controls, illustrating a fully automated smart home environment.\" loading=\"lazy\" \/>\t\t\t\t\t\t\t\t\t\t\t\t\t\t\t<\/div>\n\t\t\t\t\t<\/div>\n\t\t\t\t<\/div>\n\t\t\t\t<\/div>\n\t\t","protected":false},"excerpt":{"rendered":"","protected":false},"author":1,"featured_media":0,"parent":0,"menu_order":0,"comment_status":"closed","ping_status":"publish","template":"","meta":{"two_page_speed":[],"footnotes":""},"class_list":["post-312","page","type-page","status-publish","hentry"],"_links":{"self":[{"href":"https:\/\/new.brainhouse.pl\/index.php?rest_route=\/wp\/v2\/pages\/312","targetHints":{"allow":["GET"]}}],"collection":[{"href":"https:\/\/new.brainhouse.pl\/index.php?rest_route=\/wp\/v2\/pages"}],"about":[{"href":"https:\/\/new.brainhouse.pl\/index.php?rest_route=\/wp\/v2\/types\/page"}],"author":[{"embeddable":true,"href":"https:\/\/new.brainhouse.pl\/index.php?rest_route=\/wp\/v2\/users\/1"}],"replies":[{"embeddable":true,"href":"https:\/\/new.brainhouse.pl\/index.php?rest_route=%2Fwp%2Fv2%2Fcomments&post=312"}],"version-history":[{"count":0,"href":"https:\/\/new.brainhouse.pl\/index.php?rest_route=\/wp\/v2\/pages\/312\/revisions"}],"wp:attachment":[{"href":"https:\/\/new.brainhouse.pl\/index.php?rest_route=%2Fwp%2Fv2%2Fmedia&parent=312"}],"curies":[{"name":"wp","href":"https:\/\/api.w.org\/{rel}","templated":true}]}}