{"id":310,"date":"2025-11-23T20:12:47","date_gmt":"2025-11-23T19:12:47","guid":{"rendered":"https:\/\/superb-iguana-1.10web.cloud\/polityka-prywatnosci-2\/"},"modified":"2025-11-23T20:12:47","modified_gmt":"2025-11-23T19:12:47","slug":"polityka-prywatnosci-2","status":"publish","type":"page","link":"https:\/\/new.brainhouse.pl\/?page_id=310","title":{"rendered":"Polityka prywatno\u015bci"},"content":{"rendered":"\t\t<div data-elementor-type=\"wp-page\" data-elementor-id=\"310\" class=\"elementor elementor-310\">\n\t\t\t\t<div class=\"elementor-element elementor-element-iyth2roe twbb_section e-con-boxed e-flex e-con e-parent\" data-id=\"iyth2roe\" data-element_type=\"container\">\n\t\t\t\t\t<div class=\"e-con-inner\">\n\t\t\t\t<div class=\"elementor-element elementor-element-1awfyq6i elementor-widget__width-initial elementor-widget-mobile__width-inherit elementor-widget-tablet__width-initial elementor-invisible elementor-widget elementor-widget-heading\" data-id=\"1awfyq6i\" data-element_type=\"widget\" data-settings=\"{&quot;_animation&quot;:&quot;fadeInUp&quot;}\" data-widget_type=\"heading.default\">\n\t\t\t\t\t<h1 class=\"elementor-heading-title elementor-size-default\">Polityka prywatno\u015bci<\/h1>\t\t\t\t<\/div>\n\t\t\t\t\t<\/div>\n\t\t\t\t<\/div>\n\t\t<div class=\"elementor-element elementor-element-5iyncopf twbb_section e-con-boxed e-flex e-con e-parent\" data-id=\"5iyncopf\" data-element_type=\"container\">\n\t\t\t\t\t<div class=\"e-con-inner\">\n\t\t\t\t<div class=\"elementor-element elementor-element-j199b99o elementor-widget__width-initial elementor-widget-mobile__width-inherit elementor-widget-tablet__width-initial elementor-invisible elementor-widget elementor-widget-text-editor\" data-id=\"j199b99o\" data-element_type=\"widget\" data-settings=\"{&quot;_animation&quot;:&quot;fadeInUp&quot;}\" data-widget_type=\"text-editor.default\">\n\t\t\t\t\t\t\t\t\t<p>Niniejsza polityka prywatno\u015bci opisuje, w jaki spos\u00f3b Brain House &#8211; Smart Homes gromadzi, wykorzystuje i chroni wszelkie informacje, kt\u00f3re nam przekazujesz podczas korzystania z tej strony internetowej lub naszych us\u0142ug. Zale\u017cy nam na ochronie Twojej prywatno\u015bci. Je\u015bli poprosimy Ci\u0119 o podanie pewnych informacji, za pomoc\u0105 kt\u00f3rych mo\u017cna Ci\u0119 zidentyfikowa\u0107 podczas korzystania z tej strony, zapewniamy, \u017ce b\u0119d\u0105 one wykorzystywane wy\u0142\u0105cznie zgodnie z niniejszym o\u015bwiadczeniem o ochronie prywatno\u015bci.<\/p>\n\n<p><b>1. Informacje, kt\u00f3re zbieramy<\/b><\/p>\n<p>Mo\u017cemy zbiera\u0107 nast\u0119puj\u0105ce informacje:<\/p>\n<ul>\n    <li>Imi\u0119 i nazwisko oraz stanowisko<\/li>\n    <li>Dane kontaktowe, w tym adres e-mail i numer telefonu<\/li>\n    <li>Dane demograficzne, takie jak kod pocztowy, preferencje i zainteresowania<\/li>\n    <li>Inne informacje istotne dla ankiet i\/lub ofert dla klient\u00f3w<\/li>\n    <li>Informacje o wymaganiach Twojego projektu inteligentnego domu<\/li>\n<\/ul>\n\n<p><b>2. Jak wykorzystujemy Twoje informacje<\/b><\/p>\n<p>Potrzebujemy tych informacji, aby zrozumie\u0107 Twoje potrzeby i zapewni\u0107 Ci lepsz\u0105 obs\u0142ug\u0119, w szczeg\u00f3lno\u015bci z nast\u0119puj\u0105cych powod\u00f3w:<\/p>\n<ul>\n    <li>Prowadzenie wewn\u0119trznej ewidencji.<\/li>\n    <li>Mo\u017cemy wykorzystywa\u0107 te informacje do ulepszania naszych produkt\u00f3w i us\u0142ug.<\/li>\n    <li>Mo\u017cemy okresowo wysy\u0142a\u0107 promocyjne wiadomo\u015bci e-mail o nowych produktach, ofertach specjalnych lub innych informacjach, kt\u00f3re naszym zdaniem mog\u0105 Ci\u0119 zainteresowa\u0107, korzystaj\u0105c z podanego przez Ciebie adresu e-mail.<\/li>\n    <li>Od czasu do czasu mo\u017cemy r\u00f3wnie\u017c wykorzystywa\u0107 Twoje informacje do kontaktowania si\u0119 z Tob\u0105 w celach badania rynku. Mo\u017cemy kontaktowa\u0107 si\u0119 z Tob\u0105 przez e-mail, telefon lub poczt\u0119. Mo\u017cemy wykorzystywa\u0107 te informacje do dostosowywania strony internetowej do Twoich zainteresowa\u0144.<\/li>\n    <li>Aby przedstawi\u0107 Ci wyceny i propozycje naszych us\u0142ug.<\/li>\n<\/ul>\n\n<p><b>3. Bezpiecze\u0144stwo<\/b><\/p>\n<p>Zale\u017cy nam na zapewnieniu bezpiecze\u0144stwa Twoich informacji. Aby zapobiec nieautoryzowanemu dost\u0119powi lub ujawnieniu, wdro\u017cyli\u015bmy odpowiednie procedury fizyczne, elektroniczne i zarz\u0105dcze w celu ochrony i zabezpieczenia informacji, kt\u00f3re zbieramy online.<\/p>\n\n<p><b>4. Jak u\u017cywamy plik\u00f3w cookie<\/b><\/p>\n<p>Plik cookie to ma\u0142y plik, kt\u00f3ry prosi o pozwolenie na umieszczenie na dysku twardym Twojego komputera. Po wyra\u017ceniu zgody plik jest dodawany, a plik cookie pomaga analizowa\u0107 ruch w sieci lub informuje, kiedy odwiedzasz okre\u015blon\u0105 witryn\u0119. Pliki cookie umo\u017cliwiaj\u0105 aplikacjom internetowym reagowanie na Ciebie jako na osob\u0119. Aplikacja internetowa mo\u017ce dostosowa\u0107 swoje dzia\u0142anie do Twoich potrzeb, upodoba\u0144 i antypatii, gromadz\u0105c i zapami\u0119tuj\u0105c informacje o Twoich preferencjach.<\/p>\n<p>U\u017cywamy plik\u00f3w cookie dziennika ruchu, aby zidentyfikowa\u0107, kt\u00f3re strony s\u0105 u\u017cywane. Pomaga nam to analizowa\u0107 dane o ruchu na stronach internetowych i ulepsza\u0107 nasz\u0105 stron\u0119 internetow\u0105 w celu dostosowania jej do potrzeb klient\u00f3w. U\u017cywamy tych informacji wy\u0142\u0105cznie do cel\u00f3w analizy statystycznej, a nast\u0119pnie dane s\u0105 usuwane z systemu.<\/p>\n<p>Og\u00f3lnie rzecz bior\u0105c, pliki cookie pomagaj\u0105 nam zapewni\u0107 Ci lepsz\u0105 stron\u0119 internetow\u0105, umo\u017cliwiaj\u0105c nam monitorowanie, kt\u00f3re strony uwa\u017casz za przydatne, a kt\u00f3re nie. Plik cookie w \u017caden spos\u00f3b nie daje nam dost\u0119pu do Twojego komputera ani \u017cadnych informacji o Tobie, poza danymi, kt\u00f3re zdecydujesz si\u0119 nam udost\u0119pni\u0107. Mo\u017cesz zaakceptowa\u0107 lub odrzuci\u0107 pliki cookie. Wi\u0119kszo\u015b\u0107 przegl\u0105darek internetowych automatycznie akceptuje pliki cookie, ale zazwyczaj mo\u017cesz zmieni\u0107 ustawienia przegl\u0105darki, aby odrzuca\u0107 pliki cookie, je\u015bli wolisz. Mo\u017ce to uniemo\u017cliwi\u0107 Ci pe\u0142ne wykorzystanie mo\u017cliwo\u015bci strony internetowej.<\/p>\n\n<p><b>5. Linki do innych stron internetowych<\/b><\/p>\n<p>Nasza strona internetowa mo\u017ce zawiera\u0107 linki do innych interesuj\u0105cych stron internetowych. Jednak\u017ce, gdy u\u017cyjesz tych link\u00f3w, aby opu\u015bci\u0107 nasz\u0105 witryn\u0119, powiniene\u015b pami\u0119ta\u0107, \u017ce nie mamy \u017cadnej kontroli nad t\u0105 inn\u0105 stron\u0105 internetow\u0105. Dlatego nie mo\u017cemy ponosi\u0107 odpowiedzialno\u015bci za ochron\u0119 i prywatno\u015b\u0107 jakichkolwiek informacji, kt\u00f3re podajesz podczas odwiedzania takich witryn, a takie witryny nie podlegaj\u0105 niniejszemu o\u015bwiadczeniu o ochronie prywatno\u015bci. Nale\u017cy zachowa\u0107 ostro\u017cno\u015b\u0107 i zapozna\u0107 si\u0119 z o\u015bwiadczeniem o ochronie prywatno\u015bci dotycz\u0105cym danej strony internetowej.<\/p>\n\n<p><b>6. Kontrolowanie Twoich danych osobowych<\/b><\/p>\n<p>Mo\u017cesz ograniczy\u0107 gromadzenie lub wykorzystywanie Twoich danych osobowych w nast\u0119puj\u0105cy spos\u00f3b:<\/p>\n<ul>\n    <li>Ilekro\u0107 proszony jeste\u015b o wype\u0142nienie formularza na stronie internetowej, poszukaj pola, kt\u00f3re mo\u017cesz klikn\u0105\u0107, aby zaznaczy\u0107, \u017ce nie chcesz, aby informacje by\u0142y wykorzystywane przez kogokolwiek do cel\u00f3w marketingu bezpo\u015bredniego.<\/li>\n    <li>Je\u015bli wcze\u015bniej zgodzi\u0142e\u015b si\u0119 na wykorzystywanie przez nas Twoich danych osobowych do cel\u00f3w marketingu bezpo\u015bredniego, mo\u017cesz zmieni\u0107 zdanie w dowolnym momencie, pisz\u0105c do nas lub wysy\u0142aj\u0105c e-mail na adres <a href=\"mailto:info@brainhouse.com\">info@brainhouse.com<\/a>.<\/li>\n<\/ul>\n<p>Nie b\u0119dziemy sprzedawa\u0107, rozpowszechnia\u0107 ani wynajmowa\u0107 Twoich danych osobowych stronom trzecim, chyba \u017ce mamy Twoj\u0105 zgod\u0119 lub jeste\u015bmy do tego zobowi\u0105zani przez prawo. Mo\u017cemy wykorzystywa\u0107 Twoje dane osobowe do przesy\u0142ania Ci informacji promocyjnych o stronach trzecich, kt\u00f3re naszym zdaniem mog\u0105 Ci\u0119 zainteresowa\u0107, je\u015bli powiesz nam, \u017ce chcesz, aby tak si\u0119 sta\u0142o.<\/p>\n<p>Mo\u017cesz za\u017c\u0105da\u0107 szczeg\u00f3\u0142\u00f3w dotycz\u0105cych danych osobowych, kt\u00f3re posiadamy na Tw\u00f3j temat, zgodnie z ustaw\u0105 o ochronie danych z 1998 r. Pobierana b\u0119dzie niewielka op\u0142ata. Je\u015bli chcesz otrzyma\u0107 kopi\u0119 informacji przechowywanych na Tw\u00f3j temat, napisz do Brain House &#8211; Smart Homes, [Tw\u00f3j adres].<\/p>\n<p>Je\u015bli uwa\u017casz, \u017ce jakiekolwiek informacje, kt\u00f3re posiadamy na Tw\u00f3j temat, s\u0105 nieprawid\u0142owe lub niekompletne, napisz do nas lub wy\u015blij e-mail tak szybko, jak to mo\u017cliwe, na powy\u017cszy adres. Niezw\u0142ocznie poprawimy wszelkie informacje, kt\u00f3re oka\u017c\u0105 si\u0119 nieprawid\u0142owe.<\/p>\n\n<p><b>7. Przechowywanie danych<\/b><\/p>\n<p>B\u0119dziemy przechowywa\u0107 Twoje dane osobowe tylko tak d\u0142ugo, jak jest to konieczne do cel\u00f3w okre\u015blonych w niniejszej polityce prywatno\u015bci. B\u0119dziemy przechowywa\u0107 i wykorzystywa\u0107 Twoje informacje w zakresie niezb\u0119dnym do wype\u0142nienia naszych zobowi\u0105za\u0144 prawnych (na przyk\u0142ad, je\u015bli jeste\u015bmy zobowi\u0105zani do przechowywania Twoich danych w celu przestrzegania obowi\u0105zuj\u0105cych przepis\u00f3w prawa), rozwi\u0105zywania spor\u00f3w i egzekwowania naszych um\u00f3w i zasad prawnych.<\/p>\n\n<p><b>8. Zmiany w naszej polityce prywatno\u015bci<\/b><\/p>\n<p>Brain House &#8211; Smart Homes mo\u017ce od czasu do czasu zmienia\u0107 niniejsz\u0105 polityk\u0119, aktualizuj\u0105c t\u0119 stron\u0119. Od czasu do czasu nale\u017cy sprawdza\u0107 t\u0119 stron\u0119, aby upewni\u0107 si\u0119, \u017ce akceptujesz wszelkie zmiany. Niniejsza polityka obowi\u0105zuje od [Data].<\/p>\n\n<p><b>9. Dane kontaktowe<\/b><\/p>\n<p>Je\u015bli masz jakiekolwiek pytania dotycz\u0105ce niniejszej polityki prywatno\u015bci, skontaktuj si\u0119 z nami pod adresem <a href=\"mailto:info@brainhouse.com\">info@brainhouse.com<\/a>.<\/p>\t\t\t\t\t\t\t\t<\/div>\n\t\t\t\t\t<\/div>\n\t\t\t\t<\/div>\n\t\t\t\t<\/div>\n\t\t","protected":false},"excerpt":{"rendered":"","protected":false},"author":1,"featured_media":0,"parent":0,"menu_order":0,"comment_status":"closed","ping_status":"publish","template":"","meta":{"two_page_speed":[],"footnotes":""},"class_list":["post-310","page","type-page","status-publish","hentry"],"_links":{"self":[{"href":"https:\/\/new.brainhouse.pl\/index.php?rest_route=\/wp\/v2\/pages\/310","targetHints":{"allow":["GET"]}}],"collection":[{"href":"https:\/\/new.brainhouse.pl\/index.php?rest_route=\/wp\/v2\/pages"}],"about":[{"href":"https:\/\/new.brainhouse.pl\/index.php?rest_route=\/wp\/v2\/types\/page"}],"author":[{"embeddable":true,"href":"https:\/\/new.brainhouse.pl\/index.php?rest_route=\/wp\/v2\/users\/1"}],"replies":[{"embeddable":true,"href":"https:\/\/new.brainhouse.pl\/index.php?rest_route=%2Fwp%2Fv2%2Fcomments&post=310"}],"version-history":[{"count":0,"href":"https:\/\/new.brainhouse.pl\/index.php?rest_route=\/wp\/v2\/pages\/310\/revisions"}],"wp:attachment":[{"href":"https:\/\/new.brainhouse.pl\/index.php?rest_route=%2Fwp%2Fv2%2Fmedia&parent=310"}],"curies":[{"name":"wp","href":"https:\/\/api.w.org\/{rel}","templated":true}]}}