{"id":302,"date":"2025-11-23T20:12:46","date_gmt":"2025-11-23T19:12:46","guid":{"rendered":"https:\/\/superb-iguana-1.10web.cloud\/uslugi-2\/"},"modified":"2025-11-23T20:12:46","modified_gmt":"2025-11-23T19:12:46","slug":"uslugi-2","status":"publish","type":"page","link":"https:\/\/new.brainhouse.pl\/?page_id=302","title":{"rendered":"Us\u0142ugi"},"content":{"rendered":"\t\t<div data-elementor-type=\"wp-page\" data-elementor-id=\"302\" class=\"elementor elementor-302\">\n\t\t\t\t<div class=\"elementor-element elementor-element-7t7lkinb twbb_section e-con-boxed e-flex e-con e-parent\" data-id=\"7t7lkinb\" data-element_type=\"container\" id=\"smart-solutions-for-your-home\">\n\t\t\t\t\t<div class=\"e-con-inner\">\n\t\t\t\t<div class=\"elementor-element elementor-element-bcrgd9og elementor-widget__width-initial elementor-widget-mobile__width-inherit elementor-widget-tablet__width-initial elementor-invisible elementor-widget elementor-widget-text-editor\" data-id=\"bcrgd9og\" data-element_type=\"widget\" data-settings=\"{&quot;_animation&quot;:&quot;fadeInUp&quot;}\" data-widget_type=\"text-editor.default\">\n\t\t\t\t\t\t\t\t\tOdkryj wygod\u0119 i efektywno\u015b\u0107 inteligentnego domu z Brain House. Specjalizujemy si\u0119 w tworzeniu niestandardowych rozwi\u0105za\u0144, kt\u00f3re integruj\u0105 o\u015bwietlenie, bezpiecze\u0144stwo i kontrol\u0119 klimatu, zapewniaj\u0105c bezproblemowe wra\u017cenia z \u017cycia. Skontaktuj si\u0119 z nami ju\u017c dzi\u015b, aby dowiedzie\u0107 si\u0119 wi\u0119cej!\t\t\t\t\t\t\t\t<\/div>\n\t\t\t\t<div class=\"elementor-element elementor-element-2ciczsh0 elementor-widget__width-initial elementor-widget-mobile__width-inherit elementor-widget-tablet__width-initial elementor-widget elementor-widget-image\" data-id=\"2ciczsh0\" data-element_type=\"widget\" data-widget_type=\"image.default\">\n\t\t\t\t\t\t\t\t\t\t\t\t\t\t\t<img decoding=\"async\" src=\"https:\/\/superb-iguana-1.10web.cloud\/wp-content\/uploads\/2025\/11\/tenweb_media_slsbx9azb.webp\" title=\"\" alt=\"A modern living room showcasing integrated smart home technology, including automated lighting, climate control, and entertainment systems, highlighting the comfort and convenience of a Brain House smart home installation.\" loading=\"lazy\" \/>\t\t\t\t\t\t\t\t\t\t\t\t\t\t\t<\/div>\n\t\t\t\t\t<\/div>\n\t\t\t\t<\/div>\n\t\t<div class=\"elementor-element elementor-element-z0dho3nm twbb_section e-con-boxed e-flex e-con e-parent\" data-id=\"z0dho3nm\" data-element_type=\"container\" id=\"our-offer\">\n\t\t\t\t\t<div class=\"e-con-inner\">\n\t\t\t\t\t<\/div>\n\t\t\t\t<\/div>\n\t\t\t\t<\/div>\n\t\t","protected":false},"excerpt":{"rendered":"","protected":false},"author":1,"featured_media":0,"parent":0,"menu_order":0,"comment_status":"closed","ping_status":"publish","template":"","meta":{"two_page_speed":[],"footnotes":""},"class_list":["post-302","page","type-page","status-publish","hentry"],"_links":{"self":[{"href":"https:\/\/new.brainhouse.pl\/index.php?rest_route=\/wp\/v2\/pages\/302","targetHints":{"allow":["GET"]}}],"collection":[{"href":"https:\/\/new.brainhouse.pl\/index.php?rest_route=\/wp\/v2\/pages"}],"about":[{"href":"https:\/\/new.brainhouse.pl\/index.php?rest_route=\/wp\/v2\/types\/page"}],"author":[{"embeddable":true,"href":"https:\/\/new.brainhouse.pl\/index.php?rest_route=\/wp\/v2\/users\/1"}],"replies":[{"embeddable":true,"href":"https:\/\/new.brainhouse.pl\/index.php?rest_route=%2Fwp%2Fv2%2Fcomments&post=302"}],"version-history":[{"count":0,"href":"https:\/\/new.brainhouse.pl\/index.php?rest_route=\/wp\/v2\/pages\/302\/revisions"}],"wp:attachment":[{"href":"https:\/\/new.brainhouse.pl\/index.php?rest_route=%2Fwp%2Fv2%2Fmedia&parent=302"}],"curies":[{"name":"wp","href":"https:\/\/api.w.org\/{rel}","templated":true}]}}