{"id":168,"date":"2025-11-23T19:57:54","date_gmt":"2025-11-23T18:57:54","guid":{"rendered":"https:\/\/superb-iguana-1.10web.cloud\/projektowanie-i-wdrazanie-systemow-inteligentnego-domu\/"},"modified":"2025-11-23T19:57:54","modified_gmt":"2025-11-23T18:57:54","slug":"projektowanie-i-wdrazanie-systemow-inteligentnego-domu","status":"publish","type":"page","link":"https:\/\/new.brainhouse.pl\/?page_id=168","title":{"rendered":"Projektowanie i wdra\u017canie system\u00f3w inteligentnego domu"},"content":{"rendered":"\t\t<div data-elementor-type=\"wp-page\" data-elementor-id=\"168\" class=\"elementor elementor-168\">\n\t\t\t\t<div class=\"elementor-element elementor-element-pbnn8ty9 twbb_section twbb_full_h e-con-boxed e-flex e-con e-parent\" data-id=\"pbnn8ty9\" data-element_type=\"container\" id=\"hero-section-of-the-page-for-service-smart-home-system-design-and-implementation\" data-settings=\"{&quot;background_background&quot;:&quot;classic&quot;}\">\n\t\t\t\t\t<div class=\"e-con-inner\">\n\t\t\t\t<div class=\"elementor-element elementor-element-4s0bmy69 elementor-widget__width-initial elementor-widget-mobile__width-inherit elementor-widget-tablet__width-initial elementor-invisible elementor-widget elementor-widget-text-editor\" data-id=\"4s0bmy69\" data-element_type=\"widget\" data-settings=\"{&quot;_animation&quot;:&quot;fadeInUp&quot;}\" data-widget_type=\"text-editor.default\">\n\t\t\t\t\t\t\t\t\tZmie\u0144 swoj\u0105 przestrze\u0144 \u017cyciow\u0105 dzi\u0119ki inteligentnym rozwi\u0105zaniom Brain House. Specjalizujemy si\u0119 w projektowaniu i wdra\u017caniu inteligentnych system\u00f3w, kt\u00f3re automatyzuj\u0105 o\u015bwietlenie, klimat i bezpiecze\u0144stwo, zwi\u0119kszaj\u0105c Tw\u00f3j komfort i efektywno\u015b\u0107 energetyczn\u0105.\t\t\t\t\t\t\t\t<\/div>\n\t\t<div class=\"elementor-element elementor-element-34aj9h1k e-con-full e-flex e-con e-parent\" data-id=\"34aj9h1k\" data-element_type=\"container\">\n\t\t\t\t<div class=\"elementor-element elementor-element-2o4898yg elementor-align-right elementor-mobile-align-center elementor-widget elementor-widget-button\" data-id=\"2o4898yg\" data-element_type=\"widget\" data-widget_type=\"button.default\">\n\t\t\t\t\t\t\t\t\t\t<a class=\"elementor-button elementor-button-link elementor-size-sm\" href=\"#smart-home-system\">\n\t\t\t\t\t\t<span class=\"elementor-button-content-wrapper\">\n\t\t\t\t\t\t\t\t\t<span class=\"elementor-button-text\">Dowiedz si\u0119 wi\u0119cej<\/span>\n\t\t\t\t\t<\/span>\n\t\t\t\t\t<\/a>\n\t\t\t\t\t\t\t\t<\/div>\n\t\t\t\t<div class=\"elementor-element elementor-element-em7wiz0a elementor-align-left elementor-mobile-align-center elementor-widget elementor-widget-button\" data-id=\"em7wiz0a\" data-element_type=\"widget\" data-widget_type=\"button.default\">\n\t\t\t\t\t\t\t\t\t\t<a class=\"elementor-button elementor-button-link elementor-size-sm\" href=\"#\">\n\t\t\t\t\t\t<span class=\"elementor-button-content-wrapper\">\n\t\t\t\t\t\t\t\t\t<span class=\"elementor-button-text\">Uzyskaj wycen\u0119<\/span>\n\t\t\t\t\t<\/span>\n\t\t\t\t\t<\/a>\n\t\t\t\t\t\t\t\t<\/div>\n\t\t\t\t<\/div>\n\t\t\t\t\t<\/div>\n\t\t\t\t<\/div>\n\t\t<div class=\"elementor-element elementor-element-b5bdk4gd twbb_section e-con-boxed e-flex e-con e-parent\" data-id=\"b5bdk4gd\" data-element_type=\"container\" id=\"details-section-of-the-page-for-service-smart-home-system-design-and-implementation\">\n\t\t\t\t\t<div class=\"e-con-inner\">\n\t\t<div class=\"elementor-element elementor-element-34zh4pat e-con-full e-flex e-con e-parent\" data-id=\"34zh4pat\" data-element_type=\"container\">\n\t\t\t\t<div class=\"elementor-element elementor-element-u7kjhmrg elementor-widget__width-initial elementor-widget-mobile__width-inherit elementor-widget-tablet__width-initial elementor-invisible elementor-widget elementor-widget-heading\" data-id=\"u7kjhmrg\" data-element_type=\"widget\" data-settings=\"{&quot;_animation&quot;:&quot;fadeInUp&quot;}\" data-widget_type=\"heading.default\">\n\t\t\t\t\t<h2 class=\"elementor-heading-title elementor-size-default\">Dlaczego warto wybra\u0107 nasze rozwi\u0105zania dla inteligentnego domu<\/h2>\t\t\t\t<\/div>\n\t\t\t\t<div class=\"elementor-element elementor-element-a1uczzr4 elementor-widget__width-initial elementor-widget-mobile__width-inherit elementor-widget-tablet__width-initial elementor-invisible elementor-widget elementor-widget-text-editor\" data-id=\"a1uczzr4\" data-element_type=\"widget\" data-settings=\"{&quot;_animation&quot;:&quot;fadeInUp&quot;}\" data-widget_type=\"text-editor.default\">\n\t\t\t\t\t\t\t\t\tOdkryj, jak Brain House przekszta\u0142ca Twoj\u0105 przestrze\u0144 \u017cyciow\u0105 lub robocz\u0105 dzi\u0119ki zaawansowanej technologii inteligentnego domu. Nasze dopasowane rozwi\u0105zania zwi\u0119kszaj\u0105 efektywno\u015b\u0107 energetyczn\u0105, bezpiecze\u0144stwo i wygod\u0119, czyni\u0105c Twoje otoczenie inteligentniejszym i bardziej komfortowym. Zaufaj naszym certyfikowanym ekspertom, kt\u00f3rzy zapewni\u0105 bezproblemow\u0105 integracj\u0119 od projektu po wdro\u017cenie.\t\t\t\t\t\t\t\t<\/div>\n\t\t<div class=\"elementor-element elementor-element-oazzwgp2 e-con-full e-flex e-con e-parent\" data-id=\"oazzwgp2\" data-element_type=\"container\">\n\t\t<div class=\"elementor-element elementor-element-itwkkg5w e-con-full e-flex e-con e-parent\" data-id=\"itwkkg5w\" data-element_type=\"container\">\n\t\t\t\t<div class=\"elementor-element elementor-element-qqpibnt7 elementor-widget__width-auto elementor-widget-mobile__width-auto elementor-widget-tablet__width-initial elementor-widget elementor-widget-counter\" data-id=\"qqpibnt7\" data-element_type=\"widget\" data-widget_type=\"counter.default\">\n\t\t\t\t\t\t\t<div class=\"elementor-counter\">\n\t\t\t<div class=\"elementor-counter-title\">Ca\u0142kowite oszcz\u0119dno\u015bci energii osi\u0105gane rocznie<\/div>\t\t\t<div class=\"elementor-counter-number-wrapper\">\n\t\t\t\t<span class=\"elementor-counter-number-prefix\"><\/span>\n\t\t\t\t<span class=\"elementor-counter-number\" data-duration=\"2000\" data-to-value=\"150\" data-from-value=\"0\">0<\/span>\n\t\t\t\t<span class=\"elementor-counter-number-suffix\"> kWh<\/span>\n\t\t\t<\/div>\n\t\t<\/div>\n\t\t\t\t\t\t<\/div>\n\t\t\t\t<\/div>\n\t\t<div class=\"elementor-element elementor-element-mhpkoicv e-con-full e-flex e-con e-parent\" data-id=\"mhpkoicv\" data-element_type=\"container\">\n\t\t\t\t<div class=\"elementor-element elementor-element-kqo767o8 elementor-widget__width-auto elementor-widget-mobile__width-auto elementor-widget-tablet__width-initial elementor-widget elementor-widget-counter\" data-id=\"kqo767o8\" data-element_type=\"widget\" data-widget_type=\"counter.default\">\n\t\t\t\t\t\t\t<div class=\"elementor-counter\">\n\t\t\t<div class=\"elementor-counter-title\">\u015arednia poprawa kontroli temperatury<\/div>\t\t\t<div class=\"elementor-counter-number-wrapper\">\n\t\t\t\t<span class=\"elementor-counter-number-prefix\"><\/span>\n\t\t\t\t<span class=\"elementor-counter-number\" data-duration=\"2000\" data-to-value=\"500\" data-from-value=\"0\">0<\/span>\n\t\t\t\t<span class=\"elementor-counter-number-suffix\"> \u00b0C<\/span>\n\t\t\t<\/div>\n\t\t<\/div>\n\t\t\t\t\t\t<\/div>\n\t\t\t\t<\/div>\n\t\t\t\t<\/div>\n\t\t<div class=\"elementor-element elementor-element-8cn9fq1w e-con-full e-flex e-con e-parent\" data-id=\"8cn9fq1w\" data-element_type=\"container\">\n\t\t<div class=\"elementor-element elementor-element-ld7l4owk e-con-full e-flex e-con e-parent\" data-id=\"ld7l4owk\" data-element_type=\"container\">\n\t\t\t\t<div class=\"elementor-element elementor-element-5lq1viyu elementor-widget__width-auto elementor-widget-mobile__width-auto elementor-widget-tablet__width-initial elementor-widget elementor-widget-counter\" data-id=\"5lq1viyu\" data-element_type=\"widget\" data-widget_type=\"counter.default\">\n\t\t\t\t\t\t\t<div class=\"elementor-counter\">\n\t\t\t<div class=\"elementor-counter-title\">Wzrost skuteczno\u015bci systemu bezpiecze\u0144stwa<\/div>\t\t\t<div class=\"elementor-counter-number-wrapper\">\n\t\t\t\t<span class=\"elementor-counter-number-prefix\"><\/span>\n\t\t\t\t<span class=\"elementor-counter-number\" data-duration=\"2000\" data-to-value=\"120\" data-from-value=\"0\">0<\/span>\n\t\t\t\t<span class=\"elementor-counter-number-suffix\"> %<\/span>\n\t\t\t<\/div>\n\t\t<\/div>\n\t\t\t\t\t\t<\/div>\n\t\t\t\t<\/div>\n\t\t<div class=\"elementor-element elementor-element-p922y7qn e-con-full e-flex e-con e-parent\" data-id=\"p922y7qn\" data-element_type=\"container\">\n\t\t\t\t<div class=\"elementor-element elementor-element-f4zbvdsl elementor-widget__width-auto elementor-widget-mobile__width-auto elementor-widget-tablet__width-initial elementor-widget elementor-widget-counter\" data-id=\"f4zbvdsl\" data-element_type=\"widget\" data-widget_type=\"counter.default\">\n\t\t\t\t\t\t\t<div class=\"elementor-counter\">\n\t\t\t<div class=\"elementor-counter-title\">Roczne oszcz\u0119dno\u015bci<\/div>\t\t\t<div class=\"elementor-counter-number-wrapper\">\n\t\t\t\t<span class=\"elementor-counter-number-prefix\"><\/span>\n\t\t\t\t<span class=\"elementor-counter-number\" data-duration=\"2000\" data-to-value=\"300\" data-from-value=\"0\">0<\/span>\n\t\t\t\t<span class=\"elementor-counter-number-suffix\"> \u20ac<\/span>\n\t\t\t<\/div>\n\t\t<\/div>\n\t\t\t\t\t\t<\/div>\n\t\t\t\t<\/div>\n\t\t\t\t<\/div>\n\t\t\t\t<\/div>\n\t\t\t\t<div class=\"elementor-element elementor-element-rwehawrb elementor-widget__width-initial elementor-widget-mobile__width-inherit elementor-widget-tablet__width-initial elementor-widget elementor-widget-image\" data-id=\"rwehawrb\" data-element_type=\"widget\" data-widget_type=\"image.default\">\n\t\t\t\t\t\t\t\t\t\t\t\t\t\t\t<img decoding=\"async\" src=\"https:\/\/superb-iguana-1.10web.cloud\/wp-content\/uploads\/2025\/11\/tenweb_media_syi5jddir.webp\" title=\"\" alt=\"A modern smart home control panel integrated into a stylish living room, demonstrating seamless automation and user-friendly interface\" loading=\"lazy\" \/>\t\t\t\t\t\t\t\t\t\t\t\t\t\t\t<\/div>\n\t\t\t\t\t<\/div>\n\t\t\t\t<\/div>\n\t\t\t\t<\/div>\n\t\t","protected":false},"excerpt":{"rendered":"","protected":false},"author":1,"featured_media":0,"parent":0,"menu_order":0,"comment_status":"closed","ping_status":"publish","template":"","meta":{"two_page_speed":[],"footnotes":""},"class_list":["post-168","page","type-page","status-publish","hentry"],"_links":{"self":[{"href":"https:\/\/new.brainhouse.pl\/index.php?rest_route=\/wp\/v2\/pages\/168","targetHints":{"allow":["GET"]}}],"collection":[{"href":"https:\/\/new.brainhouse.pl\/index.php?rest_route=\/wp\/v2\/pages"}],"about":[{"href":"https:\/\/new.brainhouse.pl\/index.php?rest_route=\/wp\/v2\/types\/page"}],"author":[{"embeddable":true,"href":"https:\/\/new.brainhouse.pl\/index.php?rest_route=\/wp\/v2\/users\/1"}],"replies":[{"embeddable":true,"href":"https:\/\/new.brainhouse.pl\/index.php?rest_route=%2Fwp%2Fv2%2Fcomments&post=168"}],"version-history":[{"count":0,"href":"https:\/\/new.brainhouse.pl\/index.php?rest_route=\/wp\/v2\/pages\/168\/revisions"}],"wp:attachment":[{"href":"https:\/\/new.brainhouse.pl\/index.php?rest_route=%2Fwp%2Fv2%2Fmedia&parent=168"}],"curies":[{"name":"wp","href":"https:\/\/api.w.org\/{rel}","templated":true}]}}