{"id":166,"date":"2025-11-23T19:57:54","date_gmt":"2025-11-23T18:57:54","guid":{"rendered":"https:\/\/superb-iguana-1.10web.cloud\/regulamin\/"},"modified":"2025-11-23T19:57:54","modified_gmt":"2025-11-23T18:57:54","slug":"regulamin","status":"publish","type":"page","link":"https:\/\/new.brainhouse.pl\/?page_id=166","title":{"rendered":"Regulamin"},"content":{"rendered":"\t\t<div data-elementor-type=\"wp-page\" data-elementor-id=\"166\" class=\"elementor elementor-166\">\n\t\t\t\t<div class=\"elementor-element elementor-element-uy41tp46 twbb_section e-con-boxed e-flex e-con e-parent\" data-id=\"uy41tp46\" data-element_type=\"container\">\n\t\t\t\t\t<div class=\"e-con-inner\">\n\t\t\t\t<div class=\"elementor-element elementor-element-bjvaiezk elementor-widget__width-initial elementor-widget-mobile__width-inherit elementor-widget-tablet__width-initial elementor-invisible elementor-widget elementor-widget-heading\" data-id=\"bjvaiezk\" data-element_type=\"widget\" data-settings=\"{&quot;_animation&quot;:&quot;fadeInUp&quot;}\" data-widget_type=\"heading.default\">\n\t\t\t\t\t<h1 class=\"elementor-heading-title elementor-size-default\">Regulamin<\/h1>\t\t\t\t<\/div>\n\t\t\t\t\t<\/div>\n\t\t\t\t<\/div>\n\t\t<div class=\"elementor-element elementor-element-1hbsmeca twbb_section e-con-boxed e-flex e-con e-parent\" data-id=\"1hbsmeca\" data-element_type=\"container\">\n\t\t\t\t\t<div class=\"e-con-inner\">\n\t\t\t\t<div class=\"elementor-element elementor-element-sg2ftckt elementor-widget__width-initial elementor-widget-mobile__width-inherit elementor-widget-tablet__width-initial elementor-invisible elementor-widget elementor-widget-text-editor\" data-id=\"sg2ftckt\" data-element_type=\"widget\" data-settings=\"{&quot;_animation&quot;:&quot;fadeInUp&quot;}\" data-widget_type=\"text-editor.default\">\n\t\t\t\t\t\t\t\t\t<p>Witamy w Brain House! Niniejszy regulamin okre\u015bla zasady i przepisy dotycz\u0105ce korzystania ze strony internetowej i us\u0142ug Brain House. Uzyskuj\u0105c dost\u0119p do tej strony internetowej i korzystaj\u0105c z naszych us\u0142ug, zak\u0142ada si\u0119, \u017ce akceptujesz w ca\u0142o\u015bci niniejszy regulamin. Nie kontynuuj korzystania ze strony internetowej Brain House, je\u015bli nie akceptujesz wszystkich warunk\u00f3w i zasad okre\u015blonych na tej stronie.<\/p>\n\n<p><b>1. Definicje<\/b><\/p>\n<p>W niniejszym regulaminie:<\/p>\n<ul>\n    <li>\u201eKlient\u201d, \u201eTy\u201d i \u201eTw\u00f3j\u201d odnosi si\u0119 do Ciebie, osoby uzyskuj\u0105cej dost\u0119p do tej strony internetowej i akceptuj\u0105cej warunki i zasady Sp\u00f3\u0142ki.<\/li>\n    <li>\u201eSp\u00f3\u0142ka\u201d, \u201eMy\u201d, \u201eNasze\u201d i \u201eNas\u201d odnosi si\u0119 do Brain House.<\/li>\n    <li>\u201eStrona\u201d, \u201eStrony\u201d lub \u201eMy\u201d odnosi si\u0119 zar\u00f3wno do Klienta, jak i do nas, lub do Klienta lub do nas.<\/li>\n<\/ul>\n\n<p><b>2. Korzystanie z naszej strony internetowej<\/b><\/p>\n<p>Musisz korzysta\u0107 z naszej strony internetowej wy\u0142\u0105cznie w celach zgodnych z prawem. Nie wolno korzysta\u0107 z naszej strony internetowej w spos\u00f3b naruszaj\u0105cy jakiekolwiek obowi\u0105zuj\u0105ce przepisy prawa lokalnego, krajowego lub mi\u0119dzynarodowego.<\/p>\n\n<p><b>3. Oferowane us\u0142ugi<\/b><\/p>\n<p>Specjalizujemy si\u0119 w projektowaniu i kompleksowej realizacji instalacji elektrycznych i telekomunikacyjnych wspartych technologi\u0105 KNX\/EIB, zwanych r\u00f3wnie\u017c inteligentnymi domami lub mieszkaniami. Nasze us\u0142ugi dedykowane s\u0105 w\u0142a\u015bcicielom mieszka\u0144, dom\u00f3w, willi i apartament\u00f3w, a tak\u017ce hoteli, budynk\u00f3w biurowych, salon\u00f3w wystawowych itp.<\/p>\n\n<p><b>4. Prawa w\u0142asno\u015bci intelektualnej<\/b><\/p>\n<p>O ile nie okre\u015blono inaczej, Brain House i\/lub jej licencjodawcy s\u0105 w\u0142a\u015bcicielami praw w\u0142asno\u015bci intelektualnej do wszystkich materia\u0142\u00f3w znajduj\u0105cych si\u0119 na stronie Brain House. Wszystkie prawa w\u0142asno\u015bci intelektualnej s\u0105 zastrze\u017cone. Mo\u017cesz przegl\u0105da\u0107 i\/lub drukowa\u0107 strony z https:\/\/brainhouse.com na w\u0142asny u\u017cytek osobisty, z zastrze\u017ceniem ogranicze\u0144 okre\u015blonych w niniejszym regulaminie.<\/p>\n\n<p>Nie wolno:<\/p>\n<ol>\n    <li>Ponownie publikowa\u0107 materia\u0142\u00f3w z https:\/\/brainhouse.com<\/li>\n    <li>Sprzedawa\u0107, wynajmowa\u0107 ani udziela\u0107 sublicencji na materia\u0142y z https:\/\/brainhouse.com<\/li>\n    <li>Reprodukowa\u0107, powiela\u0107 ani kopiowa\u0107 materia\u0142\u00f3w z https:\/\/brainhouse.com<\/li>\n    <li>Redystrybuowa\u0107 tre\u015bci z Brain House (chyba \u017ce tre\u015b\u0107 jest specjalnie przeznaczona do redystrybucji).<\/li>\n<\/ol>\n\n<p><b>5. Ograniczenie odpowiedzialno\u015bci<\/b><\/p>\n<p>W zakresie dozwolonym przez prawo, Brain House nie ponosi odpowiedzialno\u015bci za jakiekolwiek po\u015brednie, specjalne, przypadkowe, wynikowe lub karne szkody wynikaj\u0105ce z lub w zwi\u0105zku z korzystaniem z naszej strony internetowej lub us\u0142ug.<\/p>\n\n<p><b>6. Wy\u0142\u0105czenie odpowiedzialno\u015bci<\/b><\/p>\n<p>W maksymalnym zakresie dozwolonym przez obowi\u0105zuj\u0105ce prawo, wy\u0142\u0105czamy wszelkie o\u015bwiadczenia, gwarancje i warunki dotycz\u0105ce naszej strony internetowej i korzystania z tej strony internetowej (w tym, bez ogranicze\u0144, wszelkie gwarancje wynikaj\u0105ce z prawa w odniesieniu do zadowalaj\u0105cej jako\u015bci, przydatno\u015bci do okre\u015blonego celu i\/lub korzystania z nale\u017cytej staranno\u015bci i umiej\u0119tno\u015bci). \u017badne z postanowie\u0144 niniejszego wy\u0142\u0105czenia odpowiedzialno\u015bci nie b\u0119dzie:<\/p>\n<ol>\n    <li>ogranicza\u0107 ani wy\u0142\u0105cza\u0107 naszej lub Twojej odpowiedzialno\u015bci za \u015bmier\u0107 lub obra\u017cenia cia\u0142a wynikaj\u0105ce z zaniedbania;<\/li>\n    <li>ogranicza\u0107 ani wy\u0142\u0105cza\u0107 naszej lub Twojej odpowiedzialno\u015bci za oszustwo lub wprowadzenie w b\u0142\u0105d;<\/li>\n    <li>ogranicza\u0107 w jakikolwiek spos\u00f3b naszej lub Twojej odpowiedzialno\u015bci w spos\u00f3b niedozwolony na mocy obowi\u0105zuj\u0105cego prawa; lub<\/li>\n    <li>wy\u0142\u0105cza\u0107 jakiejkolwiek naszej lub Twojej odpowiedzialno\u015bci, kt\u00f3rej nie mo\u017cna wy\u0142\u0105czy\u0107 na mocy obowi\u0105zuj\u0105cego prawa.<\/li>\n<\/ol>\n\n<p><b>7. Komentarze u\u017cytkownik\u00f3w<\/b><\/p>\n<p>Niniejsza Umowa rozpoczyna si\u0119 w dniu jej zawarcia. Niekt\u00f3re cz\u0119\u015bci tej strony internetowej oferuj\u0105 u\u017cytkownikom mo\u017cliwo\u015b\u0107 publikowania i wymiany opinii, informacji, materia\u0142\u00f3w i danych (\u201eKomentarze\u201d) w obszarach strony internetowej. Brain House nie sprawdza, nie edytuje, nie publikuje ani nie przegl\u0105da Komentarzy przed ich pojawieniem si\u0119 na stronie internetowej, a Komentarze nie odzwierciedlaj\u0105 opinii ani pogl\u0105d\u00f3w Brain House, jej agent\u00f3w lub podmiot\u00f3w stowarzyszonych. Komentarze odzwierciedlaj\u0105 pogl\u0105d i opini\u0119 osoby, kt\u00f3ra publikuje taki pogl\u0105d lub opini\u0119. W zakresie dozwolonym przez obowi\u0105zuj\u0105ce prawo, Brain House nie ponosi odpowiedzialno\u015bci za Komentarze ani za jakiekolwiek straty, koszty, zobowi\u0105zania, szkody lub wydatki spowodowane i\/lub poniesione w wyniku jakiegokolwiek wykorzystania i\/lub publikacji i\/lub pojawienia si\u0119 Komentarzy na tej stronie internetowej.<\/p>\n\n<p>Brain House zastrzega sobie prawo do monitorowania wszystkich Komentarzy i usuwania wszelkich Komentarzy, kt\u00f3re wed\u0142ug w\u0142asnego uznania uzna za niew\u0142a\u015bciwe, obra\u017aliwe lub w inny spos\u00f3b naruszaj\u0105ce niniejszy Regulamin.<\/p>\n\n<p>Gwarantujesz i o\u015bwiadczasz, \u017ce:<\/p>\n<ul>\n    <li>Jeste\u015b uprawniony do publikowania Komentarzy na naszej stronie internetowej i posiadasz wszystkie niezb\u0119dne licencje i zgody, aby to zrobi\u0107;<\/li>\n    <li>Komentarze nie naruszaj\u0105 \u017cadnych praw w\u0142asno\u015bci intelektualnej, w tym mi\u0119dzy innymi praw autorskich, patent\u00f3w lub znak\u00f3w towarowych, ani innych praw w\u0142asno\u015bci jakiejkolwiek strony trzeciej;<\/li>\n    <li>Komentarze nie zawieraj\u0105 \u017cadnych znies\u0142awiaj\u0105cych, oszczerczych, obra\u017aliwych, nieprzyzwoitych lub w inny spos\u00f3b niezgodnych z prawem materia\u0142\u00f3w lub materia\u0142\u00f3w stanowi\u0105cych naruszenie prywatno\u015bci.<\/li>\n    <li>Komentarze nie b\u0119d\u0105 wykorzystywane do pozyskiwania lub promowania dzia\u0142alno\u015bci gospodarczej lub zwyczaj\u00f3w ani do prezentowania dzia\u0142alno\u015bci komercyjnej lub niezgodnej z prawem.<\/li>\n<\/ul>\n\n<p>Niniejszym udzielasz Brain House niewy\u0142\u0105cznej, wolnej od op\u0142at licencyjnych licencji na u\u017cywanie, reprodukowanie, edytowanie i upowa\u017cnianie innych do u\u017cywania, reprodukowania i edytowania dowolnych Twoich Komentarzy w dowolnej formie, formacie lub medium.<\/p>\n\n<p><b>8. Umieszczanie hiper\u0142\u0105czy do naszych tre\u015bci<\/b><\/p>\n<p>Nast\u0119puj\u0105ce organizacje mog\u0105 umieszcza\u0107 \u0142\u0105cza do naszej strony internetowej bez uprzedniej pisemnej zgody:<\/p>\n<ul>\n    <li>Agencje rz\u0105dowe;<\/li>\n    <li>Wyszukiwarki;<\/li>\n    <li>Organizacje informacyjne;<\/li>\n    <li>Dystrybutorzy katalog\u00f3w online, gdy umieszczaj\u0105 nas w katalogu, mog\u0105 umieszcza\u0107 \u0142\u0105cza do naszej strony internetowej w taki sam spos\u00f3b, w jaki umieszczaj\u0105 hiper\u0142\u0105cza do stron internetowych innych wymienionych firm; oraz<\/li>\n    <li>Og\u00f3lnosystemowe Akredytowane Firmy, z wyj\u0105tkiem organizacji non-profit, centr\u00f3w handlowych charytatywnych i grup zbieraj\u0105cych fundusze na cele charytatywne, kt\u00f3re nie mog\u0105 umieszcza\u0107 hiper\u0142\u0105czy do naszej strony internetowej.<\/li>\n<\/ul>\n\n<p>Organizacje te mog\u0105 umieszcza\u0107 \u0142\u0105cza do naszej strony g\u0142\u00f3wnej, publikacji lub innych informacji na stronie internetowej, o ile \u0142\u0105cze:<\/p>\n<ol>\n    <li>w \u017caden spos\u00f3b nie wprowadza w b\u0142\u0105d;<\/li>\n    <li>nie sugeruje fa\u0142szywie sponsorowania, poparcia lub zatwierdzenia strony umieszczaj\u0105cej \u0142\u0105cze oraz jej produkt\u00f3w lub us\u0142ug; oraz<\/li>\n    <li>pasuje do kontekstu strony strony umieszczaj\u0105cej \u0142\u0105cze.<\/li>\n<\/ol>\n\n<p>Mo\u017cemy rozwa\u017cy\u0107 i zatwierdzi\u0107, wed\u0142ug naszego wy\u0142\u0105cznego uznania, inne pro\u015bby o umieszczenie \u0142\u0105cza od nast\u0119puj\u0105cych typ\u00f3w organizacji:<\/p>\n<ul>\n    <li>powszechnie znane \u017ar\u00f3d\u0142a informacji konsumenckich i\/lub biznesowych, takie jak izby handlowe, Ameryka\u0144skie Stowarzyszenie Motoryzacyjne, Zwi\u0105zek Konsument\u00f3w;<\/li>\n    <li>strony spo\u0142eczno\u015bciowe dot.com;<\/li>\n    <li>stowarzyszenia lub inne grupy reprezentuj\u0105ce organizacje charytatywne, w tym strony internetowe po\u015bwi\u0119cone dzia\u0142alno\u015bci charytatywnej, <\/li>\n    <li>dystrybutorzy katalog\u00f3w online;<\/li>\n    <li>portale internetowe;<\/li>\n    <li>firmy ksi\u0119gowe, prawnicze i konsultingowe, kt\u00f3rych g\u0142\u00f3wnymi klientami s\u0105 firmy; oraz<\/li>\n    <li>instytucje edukacyjne i stowarzyszenia bran\u017cowe.<\/li>\n<\/ul>\n\n<p>Zatwierdzimy pro\u015bby o umieszczenie \u0142\u0105cza od tych organizacji, je\u015bli ustalimy, \u017ce:<\/p>\n<ol>\n    <li>\u0142\u0105cze nie b\u0119dzie negatywnie wp\u0142ywa\u0107 na nas lub nasze akredytowane firmy (na przyk\u0142ad stowarzyszenia bran\u017cowe lub inne organizacje reprezentuj\u0105ce z natury podejrzane rodzaje dzia\u0142alno\u015bci, takie jak mo\u017cliwo\u015bci pracy w domu, nie b\u0119d\u0105 mog\u0142y umieszcza\u0107 \u0142\u0105czy);<\/li>\n    <li>organizacja nie ma z nami niezadowalaj\u0105cej historii;<\/li>\n    <li>korzy\u015b\u0107 dla nas z widoczno\u015bci zwi\u0105zanej z hiper\u0142\u0105czem przewy\u017csza brak Brain House; oraz<\/li>\n    <li>gdy \u0142\u0105cze znajduje si\u0119 w kontek\u015bcie og\u00f3lnych informacji o zasobach lub jest w inny spos\u00f3b zgodne z tre\u015bci\u0105 redakcyjn\u0105 w biuletynie lub podobnym produkcie promuj\u0105cym misj\u0119 organizacji.<\/li>\n<\/ol>\n\n<p>Je\u015bli nale\u017cysz do organizacji wymienionych w paragrafie 2 powy\u017cej i jeste\u015b zainteresowany umieszczeniem \u0142\u0105cza do naszej strony internetowej, musisz nas o tym powiadomi\u0107, wysy\u0142aj\u0105c wiadomo\u015b\u0107 e-mail na adres <a href=\"mailto:info@brainhouse.com\">info@brainhouse.com<\/a>. Prosimy o podanie imienia i nazwiska, nazwy organizacji, danych kontaktowych (takich jak numer telefonu i\/lub adres e-mail), a tak\u017ce adresu URL Twojej strony, listy adres\u00f3w URL, z kt\u00f3rych zamierzasz umieszcza\u0107 \u0142\u0105cza do naszej strony internetowej, oraz listy adres\u00f3w URL na naszej stronie, do kt\u00f3rych chcia\u0142by\u015b umie\u015bci\u0107 \u0142\u0105cze. Odpowied\u017a zajmie 2-3 tygodnie.<\/p>\n\n<p>Zatwierdzone organizacje mog\u0105 umieszcza\u0107 hiper\u0142\u0105cza do naszej strony internetowej w nast\u0119puj\u0105cy spos\u00f3b:<\/p>\n<ul>\n    <li>U\u017cywaj\u0105c naszej nazwy firmy; lub<\/li>\n    <li>U\u017cywaj\u0105c jednolitego lokalizatora zasob\u00f3w (adresu internetowego), do kt\u00f3rego prowadzi \u0142\u0105cze; lub<\/li>\n    <li>U\u017cywaj\u0105c dowolnego innego opisu naszej strony internetowej lub materia\u0142u, do kt\u00f3rego prowadzi \u0142\u0105cze, kt\u00f3ry ma sens w kontek\u015bcie i formacie tre\u015bci na stronie strony umieszczaj\u0105cej \u0142\u0105cze.<\/li>\n<\/ul>\n\n<p>U\u017cywanie logo Brain House lub innych grafik nie b\u0119dzie dozwolone w przypadku umieszczania \u0142\u0105czy bez umowy licencyjnej na znak towarowy.<\/p>\n\n<p><b>9. Ramki (Iframes)<\/b><\/p>\n<p>Bez uprzedniej zgody i wyra\u017anej pisemnej zgody nie mo\u017cesz tworzy\u0107 ramek wok\u00f3\u0142 naszych stron internetowych ani u\u017cywa\u0107 innych technik, kt\u00f3re w jakikolwiek spos\u00f3b zmieniaj\u0105 wizualn\u0105 prezentacj\u0119 lub wygl\u0105d naszej strony internetowej.<\/p>\n\n<p><b>10. Zastrze\u017cenie praw<\/b><\/p>\n<p>Zastrzegamy sobie prawo w dowolnym momencie i wed\u0142ug w\u0142asnego uznania za\u017c\u0105da\u0107 usuni\u0119cia wszystkich \u0142\u0105czy lub dowolnego konkretnego \u0142\u0105cza do naszej strony internetowej. Zgadzasz si\u0119 niezw\u0142ocznie usun\u0105\u0107 wszystkie \u0142\u0105cza do naszej strony internetowej na takie \u017c\u0105danie. Zastrzegamy sobie r\u00f3wnie\u017c prawo do zmiany niniejszego regulaminu i zasad dotycz\u0105cych \u0142\u0105czy w dowolnym momencie. Kontynuuj\u0105c umieszczanie \u0142\u0105czy do naszej strony internetowej, zgadzasz si\u0119 przestrzega\u0107 niniejszych warunk\u00f3w dotycz\u0105cych \u0142\u0105czy.<\/p>\n\n<p><b>11. Usuwanie \u0142\u0105czy z naszej strony internetowej<\/b><\/p>\n<p>Je\u015bli znajdziesz na naszej stronie internetowej lub na jakiejkolwiek powi\u0105zanej stronie internetowej \u0142\u0105cze, kt\u00f3re jest z jakiegokolwiek powodu niepo\u017c\u0105dane, mo\u017cesz si\u0119 z nami skontaktowa\u0107 w tej sprawie. Rozwa\u017cymy pro\u015bby o usuni\u0119cie \u0142\u0105czy, ale nie b\u0119dziemy mieli obowi\u0105zku tego robi\u0107 ani odpowiada\u0107 bezpo\u015brednio Tobie.<\/p>\n\n<p>Chocia\u017c dok\u0142adamy wszelkich stara\u0144, aby informacje na tej stronie internetowej by\u0142y poprawne, nie gwarantujemy ich kompletno\u015bci ani dok\u0142adno\u015bci; nie zobowi\u0105zujemy si\u0119 r\u00f3wnie\u017c do zapewnienia, \u017ce strona internetowa pozostanie dost\u0119pna lub \u017ce materia\u0142y na stronie internetowej b\u0119d\u0105 aktualizowane.<\/p>\n\n<p><b>12. Prawo w\u0142a\u015bciwe i jurysdykcja<\/b><\/p>\n<p>Niniejszy regulamin podlega prawu i jest interpretowany zgodnie z prawem jurysdykcji, w kt\u00f3rej Brain House ma siedzib\u0119, a wszelkie spory zwi\u0105zane z niniejszym regulaminem b\u0119d\u0105 podlega\u0107 wy\u0142\u0105cznej jurysdykcji s\u0105d\u00f3w tej jurysdykcji.<\/p>\n\n<p><b>13. Zmiany w niniejszym Regulaminie<\/b><\/p>\n<p>Brain House zastrzega sobie prawo do zmiany niniejszego regulaminu w dowolnym momencie, wed\u0142ug w\u0142asnego uznania, a korzystaj\u0105c z tej strony internetowej, oczekuje si\u0119, \u017ce b\u0119dziesz regularnie przegl\u0105da\u0107 niniejsze warunki.<\/p>\n\n<p><b>14. Dane kontaktowe<\/b><\/p>\n<p>Je\u015bli masz jakiekolwiek pytania dotycz\u0105ce niniejszego regulaminu, skontaktuj si\u0119 z nami pod adresem <a href=\"mailto:info@brainhouse.com\">info@brainhouse.com<\/a>.<\/p>\t\t\t\t\t\t\t\t<\/div>\n\t\t\t\t\t<\/div>\n\t\t\t\t<\/div>\n\t\t\t\t<\/div>\n\t\t","protected":false},"excerpt":{"rendered":"","protected":false},"author":1,"featured_media":0,"parent":0,"menu_order":0,"comment_status":"closed","ping_status":"publish","template":"","meta":{"two_page_speed":[],"footnotes":""},"class_list":["post-166","page","type-page","status-publish","hentry"],"_links":{"self":[{"href":"https:\/\/new.brainhouse.pl\/index.php?rest_route=\/wp\/v2\/pages\/166","targetHints":{"allow":["GET"]}}],"collection":[{"href":"https:\/\/new.brainhouse.pl\/index.php?rest_route=\/wp\/v2\/pages"}],"about":[{"href":"https:\/\/new.brainhouse.pl\/index.php?rest_route=\/wp\/v2\/types\/page"}],"author":[{"embeddable":true,"href":"https:\/\/new.brainhouse.pl\/index.php?rest_route=\/wp\/v2\/users\/1"}],"replies":[{"embeddable":true,"href":"https:\/\/new.brainhouse.pl\/index.php?rest_route=%2Fwp%2Fv2%2Fcomments&post=166"}],"version-history":[{"count":0,"href":"https:\/\/new.brainhouse.pl\/index.php?rest_route=\/wp\/v2\/pages\/166\/revisions"}],"wp:attachment":[{"href":"https:\/\/new.brainhouse.pl\/index.php?rest_route=%2Fwp%2Fv2%2Fmedia&parent=166"}],"curies":[{"name":"wp","href":"https:\/\/api.w.org\/{rel}","templated":true}]}}