{"id":165,"date":"2025-11-23T19:57:54","date_gmt":"2025-11-23T18:57:54","guid":{"rendered":"https:\/\/superb-iguana-1.10web.cloud\/kontakt\/"},"modified":"2025-11-23T19:57:54","modified_gmt":"2025-11-23T18:57:54","slug":"kontakt","status":"publish","type":"page","link":"https:\/\/new.brainhouse.pl\/?page_id=165","title":{"rendered":"Kontakt"},"content":{"rendered":"\t\t<div data-elementor-type=\"wp-page\" data-elementor-id=\"165\" class=\"elementor elementor-165\">\n\t\t\t\t<div class=\"elementor-element elementor-element-al7euboq twbb_section e-con-boxed e-flex e-con e-parent\" data-id=\"al7euboq\" data-element_type=\"container\" id=\"contact-us\">\n\t\t\t\t\t<div class=\"e-con-inner\">\n\t\t\t\t<div class=\"elementor-element elementor-element-k9w4cbqc elementor-widget__width-initial elementor-widget-mobile__width-inherit elementor-widget-tablet__width-initial elementor-invisible elementor-widget elementor-widget-heading\" data-id=\"k9w4cbqc\" data-element_type=\"widget\" data-settings=\"{&quot;_animation&quot;:&quot;fadeInUp&quot;}\" data-widget_type=\"heading.default\">\n\t\t\t\t\t<h2 class=\"elementor-heading-title elementor-size-default\">Skontaktuj si\u0119 z nami ju\u017c dzi\u015b<\/h2>\t\t\t\t<\/div>\n\t\t\t\t<div class=\"elementor-element elementor-element-oalnfuuo elementor-widget__width-initial elementor-widget-mobile__width-inherit elementor-widget-tablet__width-initial elementor-invisible elementor-widget elementor-widget-text-editor\" data-id=\"oalnfuuo\" data-element_type=\"widget\" data-settings=\"{&quot;_animation&quot;:&quot;fadeInUp&quot;}\" data-widget_type=\"text-editor.default\">\n\t\t\t\t\t\t\t\t\tJeste\u015bmy tutaj, aby pom\u00f3c Ci we wszystkich Twoich potrzebach zwi\u0105zanych z elektryk\u0105 i inteligentnym domem. Je\u015bli masz pytanie dotycz\u0105ce naszych us\u0142ug lub chcesz um\u00f3wi\u0107 si\u0119 na konsultacj\u0119, nie wahaj si\u0119 z nami skontaktowa\u0107. Skontaktuj si\u0119 z Brain House, aby uzyska\u0107 niezawodne i innowacyjne rozwi\u0105zania dla Twojego domu lub firmy. Zadzwo\u0144 do nas pod numer +48 12 345 67 89 lub napisz na adres contact@brainhouse.pl.\t\t\t\t\t\t\t\t<\/div>\n\t\t\t\t\t<\/div>\n\t\t\t\t<\/div>\n\t\t<div class=\"elementor-element elementor-element-2uf41q4m twbb_section e-con-boxed e-flex e-con e-parent\" data-id=\"2uf41q4m\" data-element_type=\"container\" id=\"contact-details\">\n\t\t\t\t\t<div class=\"e-con-inner\">\n\t\t\t\t<div class=\"elementor-element elementor-element-mo7exf39 elementor-widget__width-initial elementor-widget-mobile__width-inherit elementor-widget-tablet__width-initial elementor-widget elementor-widget-google_maps\" data-id=\"mo7exf39\" data-element_type=\"widget\" data-widget_type=\"google_maps.default\">\n\t\t\t\t\t\t\t<div class=\"elementor-custom-embed\">\n\t\t\t<iframe loading=\"lazy\"\n\t\t\t\t\tsrc=\"https:\/\/maps.google.com\/maps?q=ul.%20Podg%C3%B3rska%2011%2C%2030-701%20Krak%C3%B3w%2C%20Polska&#038;t=m&#038;z=15&#038;output=embed&#038;iwloc=near\"\n\t\t\t\t\ttitle=\"ul. Podg\u00f3rska 11, 30-701 Krak\u00f3w, Polska\"\n\t\t\t\t\taria-label=\"ul. Podg\u00f3rska 11, 30-701 Krak\u00f3w, Polska\"\n\t\t\t><\/iframe>\n\t\t<\/div>\n\t\t\t\t\t\t<\/div>\n\t\t\t\t\t<\/div>\n\t\t\t\t<\/div>\n\t\t\t\t<\/div>\n\t\t","protected":false},"excerpt":{"rendered":"","protected":false},"author":1,"featured_media":0,"parent":0,"menu_order":0,"comment_status":"closed","ping_status":"publish","template":"","meta":{"two_page_speed":[],"footnotes":""},"class_list":["post-165","page","type-page","status-publish","hentry"],"_links":{"self":[{"href":"https:\/\/new.brainhouse.pl\/index.php?rest_route=\/wp\/v2\/pages\/165","targetHints":{"allow":["GET"]}}],"collection":[{"href":"https:\/\/new.brainhouse.pl\/index.php?rest_route=\/wp\/v2\/pages"}],"about":[{"href":"https:\/\/new.brainhouse.pl\/index.php?rest_route=\/wp\/v2\/types\/page"}],"author":[{"embeddable":true,"href":"https:\/\/new.brainhouse.pl\/index.php?rest_route=\/wp\/v2\/users\/1"}],"replies":[{"embeddable":true,"href":"https:\/\/new.brainhouse.pl\/index.php?rest_route=%2Fwp%2Fv2%2Fcomments&post=165"}],"version-history":[{"count":0,"href":"https:\/\/new.brainhouse.pl\/index.php?rest_route=\/wp\/v2\/pages\/165\/revisions"}],"wp:attachment":[{"href":"https:\/\/new.brainhouse.pl\/index.php?rest_route=%2Fwp%2Fv2%2Fmedia&parent=165"}],"curies":[{"name":"wp","href":"https:\/\/api.w.org\/{rel}","templated":true}]}}