{"id":162,"date":"2025-11-23T19:57:53","date_gmt":"2025-11-23T18:57:53","guid":{"rendered":"https:\/\/superb-iguana-1.10web.cloud\/strona-glowna\/"},"modified":"2025-11-23T19:57:53","modified_gmt":"2025-11-23T18:57:53","slug":"strona-glowna","status":"publish","type":"page","link":"https:\/\/new.brainhouse.pl\/?page_id=162","title":{"rendered":"Strona g\u0142\u00f3wna"},"content":{"rendered":"\t\t<div data-elementor-type=\"wp-page\" data-elementor-id=\"162\" class=\"elementor elementor-162\">\n\t\t\t\t<div class=\"elementor-element elementor-element-eshuvwww e-con-full twbb_section twbb_full_h e-flex e-con e-parent\" data-id=\"eshuvwww\" data-element_type=\"container\" id=\"welcome-to-brain-house\" data-settings=\"{&quot;background_background&quot;:&quot;classic&quot;}\">\n\t\t<div class=\"elementor-element elementor-element-7zzuen1x e-con-full e-flex e-con e-parent\" data-id=\"7zzuen1x\" data-element_type=\"container\">\n\t\t\t\t<div class=\"elementor-element elementor-element-369vnjvd elementor-widget__width-initial elementor-widget-mobile__width-inherit elementor-widget-tablet__width-initial elementor-invisible elementor-widget elementor-widget-text-editor\" data-id=\"369vnjvd\" data-element_type=\"widget\" data-settings=\"{&quot;_animation&quot;:&quot;fadeInUp&quot;}\" data-widget_type=\"text-editor.default\">\n\t\t\t\t\t\t\t\t\tSpecjalizujemy si\u0119 w instalacjach elektrycznych i telekomunikacyjnych, koncentruj\u0105c si\u0119 na inteligentnych domach i budynkach. Nasza wiedza, wspierana technologi\u0105 KNX\/EIB, zapewnia, \u017ce Twoja przestrze\u0144 jest wydajna, komfortowa i bezpieczna. Odkryj z nami przysz\u0142o\u015b\u0107 mieszkania!\t\t\t\t\t\t\t\t<\/div>\n\t\t\t\t<\/div>\n\t\t\t\t<div class=\"elementor-element elementor-element-fh8n7az3 elementor-widget__width-initial elementor-widget-mobile__width-inherit elementor-widget-tablet__width-initial elementor-widget elementor-widget-image\" data-id=\"fh8n7az3\" data-element_type=\"widget\" data-widget_type=\"image.default\">\n\t\t\t\t\t\t\t\t\t\t\t\t\t\t\t<img decoding=\"async\" src=\"https:\/\/superb-iguana-1.10web.cloud\/wp-content\/uploads\/2025\/11\/tenweb_media_snrujg3ac.webp\" title=\"\" alt=\"A modern living room showcasing smart home technology, such as automated lighting, climate control, and a sleek control panel. The image should convey comfort, convenience, and a technologically advanced lifestyle.\" loading=\"lazy\" \/>\t\t\t\t\t\t\t\t\t\t\t\t\t\t\t<\/div>\n\t\t\t\t<\/div>\n\t\t<div class=\"elementor-element elementor-element-r2ek5qwo twbb_section e-con-boxed e-flex e-con e-parent\" data-id=\"r2ek5qwo\" data-element_type=\"container\" id=\"our-expertise\">\n\t\t\t\t\t<div class=\"e-con-inner\">\n\t\t<div class=\"elementor-element elementor-element-s23meh0w e-con-full e-flex e-con e-parent\" data-id=\"s23meh0w\" data-element_type=\"container\">\n\t\t\t\t<div class=\"elementor-element elementor-element-oc3dnibk elementor-widget__width-initial elementor-widget-mobile__width-inherit elementor-widget-tablet__width-initial elementor-invisible elementor-widget elementor-widget-heading\" data-id=\"oc3dnibk\" data-element_type=\"widget\" data-settings=\"{&quot;_animation&quot;:&quot;fadeInUp&quot;}\" data-widget_type=\"heading.default\">\n\t\t\t\t\t<h2 class=\"elementor-heading-title elementor-size-default\">Odkrywanie potencja\u0142u technologii <em>Inteligentnego Domu<\/em> z KNX\/EIB.<\/h2>\t\t\t\t<\/div>\n\t\t\t\t<div class=\"elementor-element elementor-element-3si08vhn elementor-widget__width-initial elementor-widget-mobile__width-inherit elementor-widget-tablet__width-initial elementor-invisible elementor-widget elementor-widget-text-editor\" data-id=\"3si08vhn\" data-element_type=\"widget\" data-settings=\"{&quot;_animation&quot;:&quot;fadeInUp&quot;}\" data-widget_type=\"text-editor.default\">\n\t\t\t\t\t\t\t\t\tW Brain House specjalizujemy si\u0119 w wykorzystywaniu technologii KNX\/EIB do tworzenia inteligentnych i zautomatyzowanych \u015brodowisk. Nasza wiedza zapewnia bezproblemow\u0105 integracj\u0119 i optymaln\u0105 wydajno\u015b\u0107 dla Twojego inteligentnego domu lub projektu budowlanego. Zale\u017cy nam na dostarczaniu najwy\u017cszej klasy rozwi\u0105za\u0144 dostosowanych do Twoich potrzeb.\t\t\t\t\t\t\t\t<\/div>\n\t\t\t\t<div class=\"elementor-element elementor-element-612doszu elementor-widget__width-initial elementor-widget-mobile__width-inherit elementor-widget-tablet__width-initial elementor-align-left elementor-icon-list--layout-traditional elementor-list-item-link-full_width elementor-widget elementor-widget-icon-list\" data-id=\"612doszu\" data-element_type=\"widget\" data-widget_type=\"icon-list.default\">\n\t\t\t\t\t\t\t<ul class=\"elementor-icon-list-items\">\n\t\t\t\t\t\t\t<li class=\"elementor-icon-list-item\">\n\t\t\t\t\t\t\t\t\t\t\t<span class=\"elementor-icon-list-icon\">\n\t\t\t\t\t\t\t<svg aria-hidden=\"true\" class=\"e-font-icon-svg e-fas-check-circle\" viewBox=\"0 0 512 512\" xmlns=\"http:\/\/www.w3.org\/2000\/svg\"><path d=\"M504 256c0 136.967-111.033 248-248 248S8 392.967 8 256 119.033 8 256 8s248 111.033 248 248zM227.314 387.314l184-184c6.248-6.248 6.248-16.379 0-22.627l-22.627-22.627c-6.248-6.249-16.379-6.249-22.628 0L216 308.118l-70.059-70.059c-6.248-6.248-16.379-6.248-22.628 0l-22.627 22.627c-6.248 6.248-6.248 16.379 0 22.627l104 104c6.249 6.249 16.379 6.249 22.628.001z\"><\/path><\/svg>\t\t\t\t\t\t<\/span>\n\t\t\t\t\t\t\t\t\t\t<span class=\"elementor-icon-list-text\">Profesjonali\u015bci z certyfikatem KNX\/EIB: Fachowy projekt i wdro\u017cenie.<\/span>\n\t\t\t\t\t\t\t\t\t<\/li>\n\t\t\t\t\t\t\t\t<li class=\"elementor-icon-list-item\">\n\t\t\t\t\t\t\t\t\t\t\t<span class=\"elementor-icon-list-icon\">\n\t\t\t\t\t\t\t<svg aria-hidden=\"true\" class=\"e-font-icon-svg e-fas-check-circle\" viewBox=\"0 0 512 512\" xmlns=\"http:\/\/www.w3.org\/2000\/svg\"><path d=\"M504 256c0 136.967-111.033 248-248 248S8 392.967 8 256 119.033 8 256 8s248 111.033 248 248zM227.314 387.314l184-184c6.248-6.248 6.248-16.379 0-22.627l-22.627-22.627c-6.248-6.249-16.379-6.249-22.628 0L216 308.118l-70.059-70.059c-6.248-6.248-16.379-6.248-22.628 0l-22.627 22.627c-6.248 6.248-6.248 16.379 0 22.627l104 104c6.249 6.249 16.379 6.249 22.628.001z\"><\/path><\/svg>\t\t\t\t\t\t<\/span>\n\t\t\t\t\t\t\t\t\t\t<span class=\"elementor-icon-list-text\">Rozwi\u0105zania dostosowane do potrzeb: Dopasowane do Twoich unikalnych wymaga\u0144.<\/span>\n\t\t\t\t\t\t\t\t\t<\/li>\n\t\t\t\t\t\t\t\t<li class=\"elementor-icon-list-item\">\n\t\t\t\t\t\t\t\t\t\t\t<span class=\"elementor-icon-list-icon\">\n\t\t\t\t\t\t\t<svg aria-hidden=\"true\" class=\"e-font-icon-svg e-fas-check-circle\" viewBox=\"0 0 512 512\" xmlns=\"http:\/\/www.w3.org\/2000\/svg\"><path d=\"M504 256c0 136.967-111.033 248-248 248S8 392.967 8 256 119.033 8 256 8s248 111.033 248 248zM227.314 387.314l184-184c6.248-6.248 6.248-16.379 0-22.627l-22.627-22.627c-6.248-6.249-16.379-6.249-22.628 0L216 308.118l-70.059-70.059c-6.248-6.248-16.379-6.248-22.628 0l-22.627 22.627c-6.248 6.248-6.248 16.379 0 22.627l104 104c6.249 6.249 16.379 6.249 22.628.001z\"><\/path><\/svg>\t\t\t\t\t\t<\/span>\n\t\t\t\t\t\t\t\t\t\t<span class=\"elementor-icon-list-text\">Kompleksowe wsparcie: Od wst\u0119pnej konsultacji po uruchomienie systemu.<\/span>\n\t\t\t\t\t\t\t\t\t<\/li>\n\t\t\t\t\t\t<\/ul>\n\t\t\t\t\t\t<\/div>\n\t\t\t\t<\/div>\n\t\t\t\t<div class=\"elementor-element elementor-element-2w0o863k elementor-widget__width-initial elementor-widget-mobile__width-inherit elementor-widget-tablet__width-initial elementor-widget elementor-widget-image\" data-id=\"2w0o863k\" data-element_type=\"widget\" data-widget_type=\"image.default\">\n\t\t\t\t\t\t\t\t\t\t\t\t\t\t\t<img decoding=\"async\" src=\"https:\/\/superb-iguana-1.10web.cloud\/wp-content\/uploads\/2025\/11\/tenweb_media_shrgnbi18.webp\" title=\"\" alt=\"A modern living room showcasing a smart home control panel, highlighting the seamless integration of technology and design. The panel displays options for lighting, climate control, and security, illustrating the convenience and sophistication of a Brain House smart home installation.\" loading=\"lazy\" \/>\t\t\t\t\t\t\t\t\t\t\t\t\t\t\t<\/div>\n\t\t\t\t\t<\/div>\n\t\t\t\t<\/div>\n\t\t<div class=\"elementor-element elementor-element-fzq7zrfs twbb_section e-con-boxed e-flex e-con e-parent\" data-id=\"fzq7zrfs\" data-element_type=\"container\" id=\"who-we-serve\" data-settings=\"{&quot;background_background&quot;:&quot;classic&quot;}\">\n\t\t\t\t\t<div class=\"e-con-inner\">\n\t\t<div class=\"elementor-element elementor-element-fkhxx9bw e-con-full e-flex e-con e-parent\" data-id=\"fkhxx9bw\" data-element_type=\"container\">\n\t\t\t\t<div class=\"elementor-element elementor-element-cjcibpar elementor-widget__width-initial elementor-widget-mobile__width-inherit elementor-widget-tablet__width-initial elementor-invisible elementor-widget elementor-widget-heading\" data-id=\"cjcibpar\" data-element_type=\"widget\" data-settings=\"{&quot;_animation&quot;:&quot;fadeInUp&quot;}\" data-widget_type=\"heading.default\">\n\t\t\t\t\t<h2 class=\"elementor-heading-title elementor-size-default\">Nasze rozwi\u0105zania dla inteligentnych dom\u00f3w zaspokajaj\u0105 r\u00f3\u017cnorodne potrzeby klient\u00f3w<\/h2>\t\t\t\t<\/div>\n\t\t\t\t<div class=\"elementor-element elementor-element-ifzt1vi5 elementor-widget__width-initial elementor-widget-mobile__width-inherit elementor-widget-tablet__width-initial elementor-invisible elementor-widget elementor-widget-text-editor\" data-id=\"ifzt1vi5\" data-element_type=\"widget\" data-settings=\"{&quot;_animation&quot;:&quot;fadeInUp&quot;}\" data-widget_type=\"text-editor.default\">\n\t\t\t\t\t\t\t\t\tW Brain House jeste\u015bmy dumni z dostarczania dopasowanych rozwi\u0105za\u0144 dla inteligentnych dom\u00f3w szerokiemu gronu klient\u00f3w. Od indywidualnych w\u0142a\u015bcicieli dom\u00f3w poszukuj\u0105cych wi\u0119kszego komfortu i wydajno\u015bci po hotele i budynki biurowe, kt\u00f3rych celem jest optymalizacja operacji, nasza wiedza zapewnia bezproblemow\u0105 integracj\u0119 i trwa\u0142\u0105 warto\u015b\u0107. Dostosowujemy nasze us\u0142ugi do unikalnych wymaga\u0144 ka\u017cdego projektu, zapewniaj\u0105c optymalne rezultaty.\t\t\t\t\t\t\t\t<\/div>\n\t\t\t\t<\/div>\n\t\t<div class=\"elementor-element elementor-element-awah8z3a e-con-full e-flex e-con e-parent\" data-id=\"awah8z3a\" data-element_type=\"container\">\n\t\t\t\t<\/div>\n\t\t\t\t\t<\/div>\n\t\t\t\t<\/div>\n\t\t<div class=\"elementor-element elementor-element-g5k8zaad twbb_section e-con-boxed e-flex e-con e-parent\" data-id=\"g5k8zaad\" data-element_type=\"container\" id=\"our-services\">\n\t\t\t\t\t<div class=\"e-con-inner\">\n\t\t\t\t\t<\/div>\n\t\t\t\t<\/div>\n\t\t<div class=\"elementor-element elementor-element-nk7ojucm twbb_section e-con-boxed e-flex e-con e-parent\" data-id=\"nk7ojucm\" data-element_type=\"container\" id=\"certifications-and-training\" data-settings=\"{&quot;background_background&quot;:&quot;classic&quot;}\">\n\t\t\t\t\t<div class=\"e-con-inner\">\n\t\t<div class=\"elementor-element elementor-element-nhvos0wg e-con-full e-flex e-con e-parent\" data-id=\"nhvos0wg\" data-element_type=\"container\">\n\t\t\t\t<div class=\"elementor-element elementor-element-9vnwdais elementor-widget__width-initial elementor-widget-mobile__width-inherit elementor-widget-tablet__width-initial elementor-invisible elementor-widget elementor-widget-heading\" data-id=\"9vnwdais\" data-element_type=\"widget\" data-settings=\"{&quot;_animation&quot;:&quot;fadeInUp&quot;}\" data-widget_type=\"heading.default\">\n\t\t\t\t\t<h2 class=\"elementor-heading-title elementor-size-default\">Certyfikaty i Szkolenia \u2013 Najwa\u017cniejsze Informacje<\/h2>\t\t\t\t<\/div>\n\t\t\t\t<div class=\"elementor-element elementor-element-hzrm83bz elementor-widget__width-initial elementor-widget-mobile__width-inherit elementor-widget-tablet__width-initial elementor-invisible elementor-widget elementor-widget-text-editor\" data-id=\"hzrm83bz\" data-element_type=\"widget\" data-settings=\"{&quot;_animation&quot;:&quot;fadeInUp&quot;}\" data-widget_type=\"text-editor.default\">\n\t\t\t\t\t\t\t\t\tNasz zesp\u00f3\u0142 w Brain House uko\u0144czy\u0142 liczne specjalistyczne kursy i zdoby\u0142 certyfikaty w zakresie system\u00f3w elektrycznych, technologii KNX\/EIB i automatyki inteligentnego domu, co \u015bwiadczy o naszym zaanga\u017cowaniu w ci\u0105g\u0142e uczenie si\u0119 i doskona\u0142o\u015b\u0107 w \u015bwiadczeniu us\u0142ug.\t\t\t\t\t\t\t\t<\/div>\n\t\t<div class=\"elementor-element elementor-element-u1f8l50k e-con-full e-flex e-con e-parent\" data-id=\"u1f8l50k\" data-element_type=\"container\">\n\t\t<div class=\"elementor-element elementor-element-q4gclal9 e-con-full e-flex e-con e-parent\" data-id=\"q4gclal9\" data-element_type=\"container\">\n\t\t\t\t<div class=\"elementor-element elementor-element-qv7kst2h elementor-widget__width-auto elementor-widget-mobile__width-auto elementor-widget-tablet__width-initial elementor-widget elementor-widget-counter\" data-id=\"qv7kst2h\" data-element_type=\"widget\" data-widget_type=\"counter.default\">\n\t\t\t\t\t\t\t<div class=\"elementor-counter\">\n\t\t\t<div class=\"elementor-counter-title\">certyfikowani specjali\u015bci<\/div>\t\t\t<div class=\"elementor-counter-number-wrapper\">\n\t\t\t\t<span class=\"elementor-counter-number-prefix\"><\/span>\n\t\t\t\t<span class=\"elementor-counter-number\" data-duration=\"2000\" data-to-value=\"150\" data-from-value=\"0\">0<\/span>\n\t\t\t\t<span class=\"elementor-counter-number-suffix\"> \u2714\ufe0f<\/span>\n\t\t\t<\/div>\n\t\t<\/div>\n\t\t\t\t\t\t<\/div>\n\t\t\t\t<\/div>\n\t\t<div class=\"elementor-element elementor-element-5r1fxvnj e-con-full e-flex e-con e-parent\" data-id=\"5r1fxvnj\" data-element_type=\"container\">\n\t\t\t\t<div class=\"elementor-element elementor-element-7piw1kx6 elementor-widget__width-auto elementor-widget-mobile__width-auto elementor-widget-tablet__width-initial elementor-widget elementor-widget-counter\" data-id=\"7piw1kx6\" data-element_type=\"widget\" data-widget_type=\"counter.default\">\n\t\t\t\t\t\t\t<div class=\"elementor-counter\">\n\t\t\t<div class=\"elementor-counter-title\">poprawa efektywno\u015bci energetycznej<\/div>\t\t\t<div class=\"elementor-counter-number-wrapper\">\n\t\t\t\t<span class=\"elementor-counter-number-prefix\"><\/span>\n\t\t\t\t<span class=\"elementor-counter-number\" data-duration=\"2000\" data-to-value=\"50\" data-from-value=\"0\">0<\/span>\n\t\t\t\t<span class=\"elementor-counter-number-suffix\"> %<\/span>\n\t\t\t<\/div>\n\t\t<\/div>\n\t\t\t\t\t\t<\/div>\n\t\t\t\t<\/div>\n\t\t\t\t<\/div>\n\t\t<div class=\"elementor-element elementor-element-ghaopnz1 e-con-full e-flex e-con e-parent\" data-id=\"ghaopnz1\" data-element_type=\"container\">\n\t\t<div class=\"elementor-element elementor-element-b29y26wa e-con-full e-flex e-con e-parent\" data-id=\"b29y26wa\" data-element_type=\"container\">\n\t\t\t\t<div class=\"elementor-element elementor-element-vsto7ebb elementor-widget__width-auto elementor-widget-mobile__width-auto elementor-widget-tablet__width-initial elementor-widget elementor-widget-counter\" data-id=\"vsto7ebb\" data-element_type=\"widget\" data-widget_type=\"counter.default\">\n\t\t\t\t\t\t\t<div class=\"elementor-counter\">\n\t\t\t<div class=\"elementor-counter-title\">pomy\u015blnie zrealizowane projekty<\/div>\t\t\t<div class=\"elementor-counter-number-wrapper\">\n\t\t\t\t<span class=\"elementor-counter-number-prefix\"><\/span>\n\t\t\t\t<span class=\"elementor-counter-number\" data-duration=\"2000\" data-to-value=\"200\" data-from-value=\"0\">0<\/span>\n\t\t\t\t<span class=\"elementor-counter-number-suffix\"> +<\/span>\n\t\t\t<\/div>\n\t\t<\/div>\n\t\t\t\t\t\t<\/div>\n\t\t\t\t<\/div>\n\t\t<div class=\"elementor-element elementor-element-pxdyypr0 e-con-full e-flex e-con e-parent\" data-id=\"pxdyypr0\" data-element_type=\"container\">\n\t\t\t\t<div class=\"elementor-element elementor-element-jqmtniqv elementor-widget__width-auto elementor-widget-mobile__width-auto elementor-widget-tablet__width-initial elementor-widget elementor-widget-counter\" data-id=\"jqmtniqv\" data-element_type=\"widget\" data-widget_type=\"counter.default\">\n\t\t\t\t\t\t\t<div class=\"elementor-counter\">\n\t\t\t<div class=\"elementor-counter-title\">wska\u017anik zadowolenia klient\u00f3w<\/div>\t\t\t<div class=\"elementor-counter-number-wrapper\">\n\t\t\t\t<span class=\"elementor-counter-number-prefix\"><\/span>\n\t\t\t\t<span class=\"elementor-counter-number\" data-duration=\"2000\" data-to-value=\"100\" data-from-value=\"0\">0<\/span>\n\t\t\t\t<span class=\"elementor-counter-number-suffix\"> %<\/span>\n\t\t\t<\/div>\n\t\t<\/div>\n\t\t\t\t\t\t<\/div>\n\t\t\t\t<\/div>\n\t\t\t\t<\/div>\n\t\t\t\t<\/div>\n\t\t\t\t<div class=\"elementor-element elementor-element-m7h0m458 elementor-widget__width-initial elementor-widget-mobile__width-inherit elementor-widget-tablet__width-initial elementor-widget elementor-widget-image\" data-id=\"m7h0m458\" data-element_type=\"widget\" data-widget_type=\"image.default\">\n\t\t\t\t\t\t\t\t\t\t\t\t\t\t\t<img decoding=\"async\" src=\"https:\/\/superb-iguana-1.10web.cloud\/wp-content\/uploads\/2025\/11\/tenweb_media_s63tvcrzl.webp\" title=\"\" alt=\"A professional team of electricians and automation specialists displaying certificates, training sessions, and awards related to smart home technology and electrical systems\" loading=\"lazy\" \/>\t\t\t\t\t\t\t\t\t\t\t\t\t\t\t<\/div>\n\t\t\t\t\t<\/div>\n\t\t\t\t<\/div>\n\t\t<div class=\"elementor-element elementor-element-g6f9tiew twbb_section e-con-boxed e-flex e-con e-parent\" data-id=\"g6f9tiew\" data-element_type=\"container\" id=\"benefits-of-smart-home-technology\" data-settings=\"{&quot;background_background&quot;:&quot;classic&quot;}\">\n\t\t\t\t\t<div class=\"e-con-inner\">\n\t\t<div class=\"elementor-element elementor-element-3bo4jas0 e-con-full e-flex e-con e-parent\" data-id=\"3bo4jas0\" data-element_type=\"container\">\n\t\t\t\t<div class=\"elementor-element elementor-element-ec15d88l elementor-widget__width-initial elementor-widget-mobile__width-inherit elementor-widget-tablet__width-initial elementor-invisible elementor-widget elementor-widget-heading\" data-id=\"ec15d88l\" data-element_type=\"widget\" data-settings=\"{&quot;_animation&quot;:&quot;fadeInUp&quot;}\" data-widget_type=\"heading.default\">\n\t\t\t\t\t<h2 class=\"elementor-heading-title elementor-size-default\">Odkryj <em>Korzy\u015bci<\/em> Technologii <em>Inteligentnego Domu<\/em> z Brain House<\/h2>\t\t\t\t<\/div>\n\t\t\t\t<div class=\"elementor-element elementor-element-ai8b63ld elementor-widget__width-initial elementor-widget-mobile__width-inherit elementor-widget-tablet__width-initial elementor-invisible elementor-widget elementor-widget-text-editor\" data-id=\"ai8b63ld\" data-element_type=\"widget\" data-settings=\"{&quot;_animation&quot;:&quot;fadeInUp&quot;}\" data-widget_type=\"text-editor.default\">\n\t\t\t\t\t\t\t\t\tWejd\u017a w przysz\u0142o\u015b\u0107 z inteligentnymi rozwi\u0105zaniami dla domu od Brain House. Do\u015bwiadcz wi\u0119kszego komfortu, bezpiecze\u0144stwa i efektywno\u015bci energetycznej. Nasza technologia KNX\/EIB przekszta\u0142ca Twoj\u0105 przestrze\u0144 \u017cyciow\u0105 w inteligentny ekosystem, dostosowany do Twojego unikalnego stylu \u017cycia. Odkryj mo\u017cliwo\u015bci ju\u017c dzi\u015b!\t\t\t\t\t\t\t\t<\/div>\n\t\t\t\t<\/div>\n\t\t<div class=\"elementor-element elementor-element-6olycv8v e-con-full e-flex e-con e-parent\" data-id=\"6olycv8v\" data-element_type=\"container\">\n\t\t\t\t<\/div>\n\t\t\t\t\t<\/div>\n\t\t\t\t<\/div>\n\t\t<div class=\"elementor-element elementor-element-vhtyna3u twbb_section e-con-boxed e-flex e-con e-parent\" data-id=\"vhtyna3u\" data-element_type=\"container\" id=\"contact-us\">\n\t\t\t\t\t<div class=\"e-con-inner\">\n\t\t\t\t<div class=\"elementor-element elementor-element-qbcv213e elementor-widget__width-initial elementor-widget-mobile__width-inherit elementor-widget-tablet__width-initial elementor-invisible elementor-widget elementor-widget-heading\" data-id=\"qbcv213e\" data-element_type=\"widget\" data-settings=\"{&quot;_animation&quot;:&quot;fadeInUp&quot;}\" data-widget_type=\"heading.default\">\n\t\t\t\t\t<h2 class=\"elementor-heading-title elementor-size-default\">Skontaktuj si\u0119 z nami<\/h2>\t\t\t\t<\/div>\n\t\t\t\t<div class=\"elementor-element elementor-element-1irut0qr elementor-widget__width-initial elementor-widget-mobile__width-inherit elementor-widget-tablet__width-initial elementor-invisible elementor-widget elementor-widget-text-editor\" data-id=\"1irut0qr\" data-element_type=\"widget\" data-settings=\"{&quot;_animation&quot;:&quot;fadeInUp&quot;}\" data-widget_type=\"text-editor.default\">\n\t\t\t\t\t\t\t\t\tSkontaktuj si\u0119 z Brain House, aby uzyska\u0107 fachowe rozwi\u0105zania elektryczne i systemy inteligentnego domu.\t\t\t\t\t\t\t\t<\/div>\n\t\t\t\t\t<\/div>\n\t\t\t\t<\/div>\n\t\t\t\t<\/div>\n\t\t","protected":false},"excerpt":{"rendered":"","protected":false},"author":1,"featured_media":0,"parent":0,"menu_order":0,"comment_status":"closed","ping_status":"publish","template":"","meta":{"two_page_speed":{"current_score":{"desktop_score":97,"desktop_tti":"0.6\u00a0","mobile_score":90,"mobile_tti":"2.8\u00a0","date":"23.11.2025 07:59:08 pm","status":"completed"}},"footnotes":""},"class_list":["post-162","page","type-page","status-publish","hentry"],"_links":{"self":[{"href":"https:\/\/new.brainhouse.pl\/index.php?rest_route=\/wp\/v2\/pages\/162","targetHints":{"allow":["GET"]}}],"collection":[{"href":"https:\/\/new.brainhouse.pl\/index.php?rest_route=\/wp\/v2\/pages"}],"about":[{"href":"https:\/\/new.brainhouse.pl\/index.php?rest_route=\/wp\/v2\/types\/page"}],"author":[{"embeddable":true,"href":"https:\/\/new.brainhouse.pl\/index.php?rest_route=\/wp\/v2\/users\/1"}],"replies":[{"embeddable":true,"href":"https:\/\/new.brainhouse.pl\/index.php?rest_route=%2Fwp%2Fv2%2Fcomments&post=162"}],"version-history":[{"count":0,"href":"https:\/\/new.brainhouse.pl\/index.php?rest_route=\/wp\/v2\/pages\/162\/revisions"}],"wp:attachment":[{"href":"https:\/\/new.brainhouse.pl\/index.php?rest_route=%2Fwp%2Fv2%2Fmedia&parent=162"}],"curies":[{"name":"wp","href":"https:\/\/api.w.org\/{rel}","templated":true}]}}